{"id":1989,"date":"2023-11-20T15:27:08","date_gmt":"2023-11-20T15:27:08","guid":{"rendered":"https:\/\/fluent.pt\/brandreveal\/temoignages\/"},"modified":"2024-01-12T13:55:10","modified_gmt":"2024-01-12T13:55:10","slug":"temoignages","status":"publish","type":"page","link":"https:\/\/brandreveal.net\/fr\/temoignages\/","title":{"rendered":"T\u00e9moignages"},"content":{"rendered":"\t\t<div data-elementor-type=\"wp-page\" data-elementor-id=\"1989\" class=\"elementor elementor-1989 elementor-621\" data-elementor-post-type=\"page\">\n\t\t\t\t<div class=\"elementor-element elementor-element-56f0712 e-flex e-con-boxed e-con e-parent\" data-id=\"56f0712\" data-element_type=\"container\">\n\t\t\t\t\t<div class=\"e-con-inner\">\n\t\t\t\t<div class=\"elementor-element elementor-element-6e66671f elementor-invisible elementor-widget elementor-widget-heading\" data-id=\"6e66671f\" data-element_type=\"widget\" data-settings=\"{&quot;_animation&quot;:&quot;fadeIn&quot;}\" data-widget_type=\"heading.default\">\n\t\t\t\t<div class=\"elementor-widget-container\">\n\t\t\t\t\t<h2 class=\"elementor-heading-title elementor-size-default\">Ce que nos clients disent<\/h2>\t\t\t\t<\/div>\n\t\t\t\t<\/div>\n\t\t\t\t\t<\/div>\n\t\t\t\t<\/div>\n\t\t<div class=\"elementor-element elementor-element-364e259e e-flex e-con-boxed e-con e-parent\" data-id=\"364e259e\" data-element_type=\"container\">\n\t\t\t\t\t<div class=\"e-con-inner\">\n\t\t<div class=\"elementor-element elementor-element-6cd3106 e-con-full e-flex e-con e-child\" data-id=\"6cd3106\" data-element_type=\"container\" data-settings=\"{&quot;background_background&quot;:&quot;classic&quot;}\">\n\t\t<div class=\"elementor-element elementor-element-4d1fa8ae e-con-full e-flex e-con e-child\" data-id=\"4d1fa8ae\" data-element_type=\"container\">\n\t\t<div class=\"elementor-element elementor-element-1b6ea9fa e-con-full e-flex e-con e-child\" data-id=\"1b6ea9fa\" data-element_type=\"container\">\n\t\t\t\t<div class=\"elementor-element elementor-element-97817aa elementor-widget elementor-widget-text-editor\" data-id=\"97817aa\" data-element_type=\"widget\" data-widget_type=\"text-editor.default\">\n\t\t\t\t<div class=\"elementor-widget-container\">\n\t\t\t\t\t\t\t\t\t<p>\u00ab\u00a0Brand Reveal a une mani\u00e8re extraordinaire de transformer toute question complexe en \u00e9l\u00e9ments facilement compr\u00e9hensibles. Tous les briefings pr\u00e9sent\u00e9s sont clairs, non \u00e9quivoques, organis\u00e9s et contiennent toutes les informations n\u00e9cessaires.\u00a0\u00bb<\/p>\n\t\t\t\t\t\t\t\t<\/div>\n\t\t\t\t<\/div>\n\t\t\t\t<div class=\"elementor-element elementor-element-1694f20b elementor-widget elementor-widget-image-box\" data-id=\"1694f20b\" data-element_type=\"widget\" data-widget_type=\"image-box.default\">\n\t\t\t\t<div class=\"elementor-widget-container\">\n\t\t\t\t\t<div class=\"elementor-image-box-wrapper\"><div class=\"elementor-image-box-content\"><p class=\"elementor-image-box-description\">Directeur, UX Design<\/p><\/div><\/div>\t\t\t\t<\/div>\n\t\t\t\t<\/div>\n\t\t\t\t<\/div>\n\t\t\t\t<\/div>\n\t\t<div class=\"elementor-element elementor-element-210618 e-con-full e-flex e-con e-child\" data-id=\"210618\" data-element_type=\"container\">\n\t\t<div class=\"elementor-element elementor-element-24335015 e-con-full e-flex e-con e-child\" data-id=\"24335015\" data-element_type=\"container\">\n\t\t\t\t<div class=\"elementor-element elementor-element-1f0688d4 elementor-widget elementor-widget-text-editor\" data-id=\"1f0688d4\" data-element_type=\"widget\" data-widget_type=\"text-editor.default\">\n\t\t\t\t<div class=\"elementor-widget-container\">\n\t\t\t\t\t\t\t\t\t<p>\u00ab\u00a0Brand Reveal a donn\u00e9 naissance \u00e0 notre r\u00eave en d\u00e9fiant les conventions avec courage et de grandes id\u00e9es. Un travail fantastique et r\u00e9ussi. Merci pour tout !\u00a0\u00bb<\/p>\n\t\t\t\t\t\t\t\t<\/div>\n\t\t\t\t<\/div>\n\t\t\t\t<div class=\"elementor-element elementor-element-77e9fa89 elementor-widget elementor-widget-image-box\" data-id=\"77e9fa89\" data-element_type=\"widget\" data-widget_type=\"image-box.default\">\n\t\t\t\t<div class=\"elementor-widget-container\">\n\t\t\t\t\t<div class=\"elementor-image-box-wrapper\"><div class=\"elementor-image-box-content\"><p class=\"elementor-image-box-description\">GM, Entrepreneur Spiritueux<\/p><\/div><\/div>\t\t\t\t<\/div>\n\t\t\t\t<\/div>\n\t\t\t\t<\/div>\n\t\t\t\t<\/div>\n\t\t<div class=\"elementor-element elementor-element-c68ad53 e-con-full e-flex e-con e-child\" data-id=\"c68ad53\" data-element_type=\"container\">\n\t\t<div class=\"elementor-element elementor-element-718bac93 e-con-full e-flex e-con e-child\" data-id=\"718bac93\" data-element_type=\"container\">\n\t\t\t\t<div class=\"elementor-element elementor-element-6b9a2de4 elementor-widget elementor-widget-text-editor\" data-id=\"6b9a2de4\" data-element_type=\"widget\" data-widget_type=\"text-editor.default\">\n\t\t\t\t<div class=\"elementor-widget-container\">\n\t\t\t\t\t\t\t\t\t<p>\u00ab\u00a0Les interventions de Brand Reveal couvrent tous les aspects de la marque, depuis sa proposition de base jusqu&rsquo;\u00e0 l&rsquo;architecture des variantes. Un travail m\u00e9ticuleux avec des initiatives pratiques qui fa\u00e7onneront notre croissance pour les d\u00e9cennies \u00e0 venir.\u00a0\u00bb<\/p>\n\t\t\t\t\t\t\t\t<\/div>\n\t\t\t\t<\/div>\n\t\t\t\t<div class=\"elementor-element elementor-element-74febf35 elementor-widget elementor-widget-image-box\" data-id=\"74febf35\" data-element_type=\"widget\" data-widget_type=\"image-box.default\">\n\t\t\t\t<div class=\"elementor-widget-container\">\n\t\t\t\t\t<div class=\"elementor-image-box-wrapper\"><div class=\"elementor-image-box-content\"><p class=\"elementor-image-box-description\">Directeur, Porto<\/p><\/div><\/div>\t\t\t\t<\/div>\n\t\t\t\t<\/div>\n\t\t\t\t<\/div>\n\t\t\t\t<\/div>\n\t\t<div class=\"elementor-element elementor-element-7260db18 e-con-full e-flex e-con e-child\" data-id=\"7260db18\" data-element_type=\"container\">\n\t\t<div class=\"elementor-element elementor-element-5cbdf384 e-con-full e-flex e-con e-child\" data-id=\"5cbdf384\" data-element_type=\"container\">\n\t\t\t\t<div class=\"elementor-element elementor-element-74c70b5d elementor-widget elementor-widget-text-editor\" data-id=\"74c70b5d\" data-element_type=\"widget\" data-widget_type=\"text-editor.default\">\n\t\t\t\t<div class=\"elementor-widget-container\">\n\t\t\t\t\t\t\t\t\t<p>\u00ab\u00a0Brand Reveal cette capacit\u00e9 unique de mettre en phase les propositions \u00e9motionnelles de la marque avec les caract\u00e9ristiques produits, et ce de mani\u00e8re pertinente, m\u00eame dans les cat\u00e9gories les plus classiques et conventionnelles.\u00a0\u00bb<\/p>\n\t\t\t\t\t\t\t\t<\/div>\n\t\t\t\t<\/div>\n\t\t\t\t<div class=\"elementor-element elementor-element-30369da2 elementor-widget elementor-widget-image-box\" data-id=\"30369da2\" data-element_type=\"widget\" data-widget_type=\"image-box.default\">\n\t\t\t\t<div class=\"elementor-widget-container\">\n\t\t\t\t\t<div class=\"elementor-image-box-wrapper\"><div class=\"elementor-image-box-content\"><p class=\"elementor-image-box-description\">Directeur, Vins<\/p><\/div><\/div>\t\t\t\t<\/div>\n\t\t\t\t<\/div>\n\t\t\t\t<\/div>\n\t\t\t\t<\/div>\n\t\t<div class=\"elementor-element elementor-element-047af3f e-con-full e-flex e-con e-child\" data-id=\"047af3f\" data-element_type=\"container\">\n\t\t<div class=\"elementor-element elementor-element-6e26f87 e-con-full e-flex e-con e-child\" data-id=\"6e26f87\" data-element_type=\"container\">\n\t\t\t\t<div class=\"elementor-element elementor-element-b629dfb elementor-widget elementor-widget-text-editor\" data-id=\"b629dfb\" data-element_type=\"widget\" data-widget_type=\"text-editor.default\">\n\t\t\t\t<div class=\"elementor-widget-container\">\n\t\t\t\t\t\t\t\t\t<p>\u00ab\u00a0Travailler avec Brand Reveal, c&rsquo;est comme suivre une psychoth\u00e9rapie : l&rsquo;\u00e9quipe ne laisse aucune pierre non retourn\u00e9e et aligne tous les \u00e9l\u00e9ments de la marque dans une proposition coh\u00e9rente et s\u00e9duisante.\u00a0\u00bb<\/p>\n\t\t\t\t\t\t\t\t<\/div>\n\t\t\t\t<\/div>\n\t\t\t\t<div class=\"elementor-element elementor-element-8c13b2a elementor-widget elementor-widget-image-box\" data-id=\"8c13b2a\" data-element_type=\"widget\" data-widget_type=\"image-box.default\">\n\t\t\t\t<div class=\"elementor-widget-container\">\n\t\t\t\t\t<div class=\"elementor-image-box-wrapper\"><div class=\"elementor-image-box-content\"><p class=\"elementor-image-box-description\">Directeur, Gin<\/p><\/div><\/div>\t\t\t\t<\/div>\n\t\t\t\t<\/div>\n\t\t\t\t<\/div>\n\t\t\t\t<\/div>\n\t\t<div class=\"elementor-element elementor-element-84f0ba7 e-con-full e-flex e-con e-child\" data-id=\"84f0ba7\" data-element_type=\"container\">\n\t\t<div class=\"elementor-element elementor-element-fb07f89 e-con-full e-flex e-con e-child\" data-id=\"fb07f89\" data-element_type=\"container\">\n\t\t\t\t<div class=\"elementor-element elementor-element-edd8372 elementor-widget elementor-widget-text-editor\" data-id=\"edd8372\" data-element_type=\"widget\" data-widget_type=\"text-editor.default\">\n\t\t\t\t<div class=\"elementor-widget-container\">\n\t\t\t\t\t\t\t\t\t<p>\u00ab\u00a0Au travers d&rsquo;ateliers tr\u00e8s bien pr\u00e9par\u00e9s, Brand Reveal a jou\u00e9 un r\u00f4le cl\u00e9 dans la d\u00e9finition du positionnement de notre marque phare de vodka et dans l&rsquo;alignement de nos principaux march\u00e9s autour de plans de croissance solides.\u00a0\u00bb<\/p>\n\t\t\t\t\t\t\t\t<\/div>\n\t\t\t\t<\/div>\n\t\t\t\t<div class=\"elementor-element elementor-element-605a66e elementor-widget elementor-widget-image-box\" data-id=\"605a66e\" data-element_type=\"widget\" data-widget_type=\"image-box.default\">\n\t\t\t\t<div class=\"elementor-widget-container\">\n\t\t\t\t\t<div class=\"elementor-image-box-wrapper\"><div class=\"elementor-image-box-content\"><p class=\"elementor-image-box-description\">Marketing VP, Spiritueux<\/p><\/div><\/div>\t\t\t\t<\/div>\n\t\t\t\t<\/div>\n\t\t\t\t<\/div>\n\t\t\t\t<\/div>\n\t\t<div class=\"elementor-element elementor-element-774ab4e e-con-full e-flex e-con e-child\" data-id=\"774ab4e\" data-element_type=\"container\">\n\t\t<div class=\"elementor-element elementor-element-be32115 e-con-full e-flex e-con e-child\" data-id=\"be32115\" data-element_type=\"container\">\n\t\t\t\t<div class=\"elementor-element elementor-element-b43eb4f elementor-widget elementor-widget-text-editor\" data-id=\"b43eb4f\" data-element_type=\"widget\" data-widget_type=\"text-editor.default\">\n\t\t\t\t<div class=\"elementor-widget-container\">\n\t\t\t\t\t\t\t\t\t<p>\u00ab\u00a0Les m\u00e9thodes syst\u00e9matiques et intelligentes de Brand Reveal nous ont aid\u00e9s \u00e0 peindre le tableau complet de nos 45 march\u00e9s sur 3 continents et ont permis de construire des strat\u00e9gies cibl\u00e9es avec des r\u00f4les de fililales clairement d\u00e9finis.\u00a0\u00bb<\/p>\n\t\t\t\t\t\t\t\t<\/div>\n\t\t\t\t<\/div>\n\t\t\t\t<div class=\"elementor-element elementor-element-650afad elementor-widget elementor-widget-image-box\" data-id=\"650afad\" data-element_type=\"widget\" data-widget_type=\"image-box.default\">\n\t\t\t\t<div class=\"elementor-widget-container\">\n\t\t\t\t\t<div class=\"elementor-image-box-wrapper\"><div class=\"elementor-image-box-content\"><p class=\"elementor-image-box-description\">CEO, Boissons<\/p><\/div><\/div>\t\t\t\t<\/div>\n\t\t\t\t<\/div>\n\t\t\t\t<\/div>\n\t\t\t\t<\/div>\n\t\t<div class=\"elementor-element elementor-element-a9a9e5b e-con-full e-flex e-con e-child\" data-id=\"a9a9e5b\" data-element_type=\"container\">\n\t\t<div class=\"elementor-element elementor-element-44efc9f e-con-full e-flex e-con e-child\" data-id=\"44efc9f\" data-element_type=\"container\">\n\t\t\t\t<div class=\"elementor-element elementor-element-9c228ae elementor-widget elementor-widget-text-editor\" data-id=\"9c228ae\" data-element_type=\"widget\" data-widget_type=\"text-editor.default\">\n\t\t\t\t<div class=\"elementor-widget-container\">\n\t\t\t\t\t\t\t\t\t<p>\u00ab\u00a0L&rsquo;intervention de Brand Reveal a permis de rassembler tous les producteurs de notre cat\u00e9gorie autour d&rsquo;id\u00e9es simples et efficaces pour construire notre strat\u00e9gie \u00e0 5 ans et amplifier la valeur de nos marques.\u00a0\u00bb<\/p>\n\t\t\t\t\t\t\t\t<\/div>\n\t\t\t\t<\/div>\n\t\t\t\t<div class=\"elementor-element elementor-element-7745b75 elementor-widget elementor-widget-image-box\" data-id=\"7745b75\" data-element_type=\"widget\" data-widget_type=\"image-box.default\">\n\t\t\t\t<div class=\"elementor-widget-container\">\n\t\t\t\t\t<div class=\"elementor-image-box-wrapper\"><div class=\"elementor-image-box-content\"><p class=\"elementor-image-box-description\">President, Institut R\u00e9gional de Vins<\/p><\/div><\/div>\t\t\t\t<\/div>\n\t\t\t\t<\/div>\n\t\t\t\t<\/div>\n\t\t\t\t<\/div>\n\t\t\t\t<\/div>\n\t\t\t\t\t<\/div>\n\t\t\t\t<\/div>\n\t\t<div class=\"elementor-element elementor-element-17ab9529 e-flex e-con-boxed e-con e-parent\" data-id=\"17ab9529\" data-element_type=\"container\" data-settings=\"{&quot;background_background&quot;:&quot;classic&quot;}\">\n\t\t\t\t\t<div class=\"e-con-inner\">\n\t\t<div class=\"elementor-element elementor-element-25ea338c e-con-full e-flex e-con e-child\" data-id=\"25ea338c\" data-element_type=\"container\">\n\t\t<div class=\"elementor-element elementor-element-22eed9bb e-con-full e-flex e-con e-child\" data-id=\"22eed9bb\" data-element_type=\"container\">\n\t\t\t\t<div class=\"elementor-element elementor-element-39e29816 elementor-invisible elementor-widget elementor-widget-heading\" data-id=\"39e29816\" data-element_type=\"widget\" data-settings=\"{&quot;_animation&quot;:&quot;fadeIn&quot;}\" data-widget_type=\"heading.default\">\n\t\t\t\t<div class=\"elementor-widget-container\">\n\t\t\t\t\t<h2 class=\"elementor-heading-title elementor-size-default\">R\u00e9velez le meilleur de vos marques.<\/h2>\t\t\t\t<\/div>\n\t\t\t\t<\/div>\n\t\t\t\t<div class=\"elementor-element elementor-element-761eb018 elementor-align-justify elementor-widget__width-initial elementor-invisible elementor-widget elementor-widget-button\" data-id=\"761eb018\" data-element_type=\"widget\" data-settings=\"{&quot;_animation&quot;:&quot;fadeIn&quot;,&quot;_animation_delay&quot;:600}\" data-widget_type=\"button.default\">\n\t\t\t\t<div class=\"elementor-widget-container\">\n\t\t\t\t\t\t\t\t\t<div class=\"elementor-button-wrapper\">\n\t\t\t\t\t<a class=\"elementor-button elementor-button-link elementor-size-sm\" href=\"https:\/\/brandreveal.net\/fr\/contact\/\">\n\t\t\t\t\t\t<span class=\"elementor-button-content-wrapper\">\n\t\t\t\t\t\t\t\t\t<span class=\"elementor-button-text\">Contact<\/span>\n\t\t\t\t\t<\/span>\n\t\t\t\t\t<\/a>\n\t\t\t\t<\/div>\n\t\t\t\t\t\t\t\t<\/div>\n\t\t\t\t<\/div>\n\t\t\t\t<\/div>\n\t\t\t\t<\/div>\n\t\t\t\t\t<\/div>\n\t\t\t\t<\/div>\n\t\t\t\t<\/div>\n\t\t","protected":false},"excerpt":{"rendered":"<p>Ce que nos clients disent \u00ab\u00a0Brand Reveal a une mani\u00e8re extraordinaire de transformer toute question complexe en \u00e9l\u00e9ments facilement compr\u00e9hensibles. Tous les briefings pr\u00e9sent\u00e9s sont clairs, non \u00e9quivoques, organis\u00e9s et contiennent toutes les informations n\u00e9cessaires.\u00a0\u00bb Directeur, UX Design \u00ab\u00a0Brand Reveal a donn\u00e9 naissance \u00e0 notre r\u00eave en d\u00e9fiant les conventions avec courage et de grandes [&hellip;]<\/p>\n","protected":false},"author":1,"featured_media":0,"parent":0,"menu_order":0,"comment_status":"closed","ping_status":"closed","template":"elementor_header_footer","meta":{"_seopress_robots_primary_cat":"","_seopress_titles_title":"","_seopress_titles_desc":"","_seopress_robots_index":"","footnotes":""},"class_list":["post-1989","page","type-page","status-publish","hentry"],"_links":{"self":[{"href":"https:\/\/brandreveal.net\/fr\/wp-json\/wp\/v2\/pages\/1989","targetHints":{"allow":["GET"]}}],"collection":[{"href":"https:\/\/brandreveal.net\/fr\/wp-json\/wp\/v2\/pages"}],"about":[{"href":"https:\/\/brandreveal.net\/fr\/wp-json\/wp\/v2\/types\/page"}],"author":[{"embeddable":true,"href":"https:\/\/brandreveal.net\/fr\/wp-json\/wp\/v2\/users\/1"}],"replies":[{"embeddable":true,"href":"https:\/\/brandreveal.net\/fr\/wp-json\/wp\/v2\/comments?post=1989"}],"version-history":[{"count":2,"href":"https:\/\/brandreveal.net\/fr\/wp-json\/wp\/v2\/pages\/1989\/revisions"}],"predecessor-version":[{"id":2226,"href":"https:\/\/brandreveal.net\/fr\/wp-json\/wp\/v2\/pages\/1989\/revisions\/2226"}],"wp:attachment":[{"href":"https:\/\/brandreveal.net\/fr\/wp-json\/wp\/v2\/media?parent=1989"}],"curies":[{"name":"wp","href":"https:\/\/api.w.org\/{rel}","templated":true}]}}