{"id":1991,"date":"2023-11-13T20:42:07","date_gmt":"2023-11-13T20:42:07","guid":{"rendered":"https:\/\/fluent.pt\/brandreveal\/strategie\/"},"modified":"2024-01-12T13:54:18","modified_gmt":"2024-01-12T13:54:18","slug":"strategie","status":"publish","type":"page","link":"https:\/\/brandreveal.net\/fr\/strategie\/","title":{"rendered":"Strat\u00e9gie"},"content":{"rendered":"\t\t<div data-elementor-type=\"wp-page\" data-elementor-id=\"1991\" class=\"elementor elementor-1991 elementor-543\" data-elementor-post-type=\"page\">\n\t\t\t\t<div class=\"elementor-element elementor-element-35d52562 e-flex e-con-boxed e-con e-parent\" data-id=\"35d52562\" data-element_type=\"container\" data-settings=\"{&quot;background_background&quot;:&quot;classic&quot;}\">\n\t\t\t\t\t<div class=\"e-con-inner\">\n\t\t\t\t<div class=\"elementor-element elementor-element-24a0b1c4 elementor-invisible elementor-widget elementor-widget-heading\" data-id=\"24a0b1c4\" data-element_type=\"widget\" data-settings=\"{&quot;_animation&quot;:&quot;fadeIn&quot;}\" data-widget_type=\"heading.default\">\n\t\t\t\t<div class=\"elementor-widget-container\">\n\t\t\t\t\t<h1 class=\"elementor-heading-title elementor-size-default\">Strat\u00e9gie<\/h1>\t\t\t\t<\/div>\n\t\t\t\t<\/div>\n\t\t\t\t\t<\/div>\n\t\t\t\t<\/div>\n\t\t<div class=\"elementor-element elementor-element-64ee3853 e-flex e-con-boxed e-con e-parent\" data-id=\"64ee3853\" data-element_type=\"container\">\n\t\t\t\t\t<div class=\"e-con-inner\">\n\t\t<div class=\"elementor-element elementor-element-328ca0ac e-con-full e-flex elementor-invisible e-con e-child\" data-id=\"328ca0ac\" data-element_type=\"container\" data-settings=\"{&quot;animation&quot;:&quot;slideInUp&quot;,&quot;background_background&quot;:&quot;classic&quot;,&quot;animation_delay&quot;:600}\">\n\t\t<div class=\"elementor-element elementor-element-6056c8b7 e-con-full e-flex e-con e-child\" data-id=\"6056c8b7\" data-element_type=\"container\">\n\t\t\t\t<div class=\"elementor-element elementor-element-19712006 elementor-position-left elementor-mobile-position-left elementor-view-default elementor-widget elementor-widget-icon-box\" data-id=\"19712006\" data-element_type=\"widget\" data-widget_type=\"icon-box.default\">\n\t\t\t\t<div class=\"elementor-widget-container\">\n\t\t\t\t\t\t\t<div class=\"elementor-icon-box-wrapper\">\n\n\t\t\t\t\t\t<div class=\"elementor-icon-box-icon\">\n\t\t\t\t<span  class=\"elementor-icon\">\n\t\t\t\t<svg xmlns=\"http:\/\/www.w3.org\/2000\/svg\" id=\"Layer_1\" width=\"49\" height=\"50\" viewBox=\"0 0 49 50\"><defs><style>.cls-1{fill:#181818;}<\/style><\/defs><path class=\"cls-1\" d=\"M0,50H28.94V16.66\"><\/path><path d=\"M20.06,50h28.94V16.66\"><\/path><path class=\"cls-1\" d=\"M0,33.33H28.94V0\"><\/path><\/svg>\t\t\t\t<\/span>\n\t\t\t<\/div>\n\t\t\t\n\t\t\t\t\t\t<div class=\"elementor-icon-box-content\">\n\n\t\t\t\t\t\t\t\t\t<h3 class=\"elementor-icon-box-title\">\n\t\t\t\t\t\t<span  >\n\t\t\t\t\t\t\tStrat\u00e9gie de Portefeuille\t\t\t\t\t\t<\/span>\n\t\t\t\t\t<\/h3>\n\t\t\t\t\n\t\t\t\t\n\t\t\t<\/div>\n\t\t\t\n\t\t<\/div>\n\t\t\t\t\t\t<\/div>\n\t\t\t\t<\/div>\n\t\t\t\t<div class=\"elementor-element elementor-element-6d37af93 elementor-widget elementor-widget-text-editor\" data-id=\"6d37af93\" data-element_type=\"widget\" data-widget_type=\"text-editor.default\">\n\t\t\t\t<div class=\"elementor-widget-container\">\n\t\t\t\t\t\t\t\t\t<div><strong>La strat\u00e9gie de Portefeuille veille \u00e0 ce que vos marques soient align\u00e9es sur les opportunit\u00e9s pr\u00e9sentes et futures<\/strong>. <span style=\"font-family: var( --e-global-typography-text-font-family ), Sans-serif; font-size: var( --e-global-typography-text-font-size ); font-style: var( --e-global-typography-text-font-style ); letter-spacing: var( --e-global-typography-text-letter-spacing ); text-transform: var( --e-global-typography-text-text-transform ); word-spacing: var( --e-global-typography-text-word-spacing ); text-decoration: var( --e-global-typography-text-text-decoration );\">Nous identifions les extensions de gamme, les innovations, nous clarifions les r\u00f4les des marques et des march\u00e9s pour mieux fa\u00e7onner votre portefeuille selon des priorit\u00e9s claires.<\/span><\/div>\n<div><span style=\"font-family: var( --e-global-typography-text-font-family ), Sans-serif; font-size: var( --e-global-typography-text-font-size ); font-style: var( --e-global-typography-text-font-style ); letter-spacing: var( --e-global-typography-text-letter-spacing ); text-transform: var( --e-global-typography-text-text-transform ); word-spacing: var( --e-global-typography-text-word-spacing ); text-decoration: var( --e-global-typography-text-text-decoration );\"> <\/span><\/div>\n<div>\n<p>Notre pr\u00e9paration approfondie et travail avec vos \u00e9quipes permettent une planification bien inform\u00e9e et claire sans empi\u00e8ter sur les obligations quotidiennes.<\/p>\n<div>Chaque strat\u00e9gie de portefeuille que nous aidons \u00e0 mettre en \u0153uvre op\u00e8re comme une feuille de route inspirante, avec des objectifs clairs, des ressources, des r\u00f4les et des blocs d&rsquo;activit\u00e9s bien d\u00e9finis.<\/div>\n<\/div>\n\t\t\t\t\t\t\t\t<\/div>\n\t\t\t\t<\/div>\n\t\t\t\t<\/div>\n\t\t<div class=\"elementor-element elementor-element-6634c41 e-con-full e-flex e-con e-child\" data-id=\"6634c41\" data-element_type=\"container\" data-settings=\"{&quot;background_background&quot;:&quot;classic&quot;}\">\n\t\t\t\t<\/div>\n\t\t\t\t<\/div>\n\t\t<div class=\"elementor-element elementor-element-21627206 e-con-full e-flex elementor-invisible e-con e-child\" data-id=\"21627206\" data-element_type=\"container\" data-settings=\"{&quot;animation&quot;:&quot;slideInUp&quot;,&quot;background_background&quot;:&quot;classic&quot;,&quot;animation_delay&quot;:300}\">\n\t\t<div class=\"elementor-element elementor-element-61be1621 e-con-full e-flex e-con e-child\" data-id=\"61be1621\" data-element_type=\"container\" data-settings=\"{&quot;background_background&quot;:&quot;classic&quot;}\">\n\t\t\t\t<\/div>\n\t\t<div class=\"elementor-element elementor-element-55074ee7 e-con-full e-flex e-con e-child\" data-id=\"55074ee7\" data-element_type=\"container\">\n\t\t\t\t<div class=\"elementor-element elementor-element-420be90a elementor-position-left elementor-mobile-position-left elementor-view-default elementor-widget elementor-widget-icon-box\" data-id=\"420be90a\" data-element_type=\"widget\" data-widget_type=\"icon-box.default\">\n\t\t\t\t<div class=\"elementor-widget-container\">\n\t\t\t\t\t\t\t<div class=\"elementor-icon-box-wrapper\">\n\n\t\t\t\t\t\t<div class=\"elementor-icon-box-icon\">\n\t\t\t\t<span  class=\"elementor-icon\">\n\t\t\t\t<svg xmlns=\"http:\/\/www.w3.org\/2000\/svg\" viewBox=\"0 0 49 50\"><path d=\"M24.5 50a24.05 24.05 0 0 1-9.376-1.904 24.468 24.468 0 0 1-7.948-5.424 25.066 25.066 0 0 1-5.311-8.119A25.492 25.492 0 0 1 0 24.976h24.5V50Z\" fill=\"#181818\"><\/path><path d=\"M49 24.976c0 3.287-.634 6.54-1.865 9.577a25.066 25.066 0 0 1-5.311 8.119 24.467 24.467 0 0 1-7.948 5.424A24.05 24.05 0 0 1 24.5 50V24.976H49Z\"><\/path><path d=\"M24.5 25.024a24.05 24.05 0 0 1-9.376-1.904 24.468 24.468 0 0 1-7.948-5.424 25.066 25.066 0 0 1-5.311-8.12A25.492 25.492 0 0 1 0 0h24.5v25.024Z\" fill=\"#181818\"><\/path><\/svg>\t\t\t\t<\/span>\n\t\t\t<\/div>\n\t\t\t\n\t\t\t\t\t\t<div class=\"elementor-icon-box-content\">\n\n\t\t\t\t\t\t\t\t\t<h3 class=\"elementor-icon-box-title\">\n\t\t\t\t\t\t<span  >\n\t\t\t\t\t\t\tPositionnement de Marque\t\t\t\t\t\t<\/span>\n\t\t\t\t\t<\/h3>\n\t\t\t\t\n\t\t\t\t\n\t\t\t<\/div>\n\t\t\t\n\t\t<\/div>\n\t\t\t\t\t\t<\/div>\n\t\t\t\t<\/div>\n\t\t\t\t<div class=\"elementor-element elementor-element-ce7f686 elementor-widget elementor-widget-text-editor\" data-id=\"ce7f686\" data-element_type=\"widget\" data-widget_type=\"text-editor.default\">\n\t\t\t\t<div class=\"elementor-widget-container\">\n\t\t\t\t\t\t\t\t\t<div><strong>Le positionnement de la marque d\u00e9finit ce qu&rsquo;une marque repr\u00e9sente.<\/strong> Pour exprimer une proposition attrayante, nous plongeons profond\u00e9ment dans les informations essentielles du produit et de la marque, et les connectons avec les besoins et les occasions des consommateurs.<\/div>\n<div> <\/div>\n<div>Nous identifions des \u00ab\u00a0insights\u00a0\u00bb \u00e0 partir des occasions de consommation, nous construisons des plateformes avec des valeurs, une personnalit\u00e9, des avantages et des points de cr\u00e9dibilit\u00e9. Chaque plateforme est compl\u00e9t\u00e9e par une architecture robuste de produits, avec des r\u00f4les clairs. <\/div>\n<div> <\/div>\n<div>Chaque projet de positionnement de marque d\u00e9finit une vision claire et inspirante de votre marque. Cela cr\u00e9e \u00e0 son tour une forte adh\u00e9sion et des briefs d&rsquo;activit\u00e9 pr\u00e9cis pour une meilleure \u00e9valuation des propositions cr\u00e9atives et en coh\u00e9rence avec le positionnement de marque. <\/div>\n\t\t\t\t\t\t\t\t<\/div>\n\t\t\t\t<\/div>\n\t\t\t\t<\/div>\n\t\t\t\t<\/div>\n\t\t<div class=\"elementor-element elementor-element-781faa02 e-con-full e-flex elementor-invisible e-con e-child\" data-id=\"781faa02\" data-element_type=\"container\" data-settings=\"{&quot;animation&quot;:&quot;slideInUp&quot;,&quot;background_background&quot;:&quot;classic&quot;}\">\n\t\t<div class=\"elementor-element elementor-element-695918a2 e-con-full e-flex e-con e-child\" data-id=\"695918a2\" data-element_type=\"container\">\n\t\t\t\t<div class=\"elementor-element elementor-element-598619af elementor-position-left elementor-mobile-position-left elementor-view-default elementor-widget elementor-widget-icon-box\" data-id=\"598619af\" data-element_type=\"widget\" data-widget_type=\"icon-box.default\">\n\t\t\t\t<div class=\"elementor-widget-container\">\n\t\t\t\t\t\t\t<div class=\"elementor-icon-box-wrapper\">\n\n\t\t\t\t\t\t<div class=\"elementor-icon-box-icon\">\n\t\t\t\t<span  class=\"elementor-icon\">\n\t\t\t\t<svg xmlns=\"http:\/\/www.w3.org\/2000\/svg\" viewBox=\"0 0 49 50\"><path d=\"M16.332 16.667H0v16.666h16.332V16.667Z\" fill=\"#181818\"><\/path><path d=\"M32.667 16.667H16.335v16.666h16.332V16.667Z\"><\/path><path d=\"M49 0H32.668v16.667H49V0ZM32.667 33.333H16.335V50h16.332V33.333Z\" fill=\"#181818\"><\/path><\/svg>\t\t\t\t<\/span>\n\t\t\t<\/div>\n\t\t\t\n\t\t\t\t\t\t<div class=\"elementor-icon-box-content\">\n\n\t\t\t\t\t\t\t\t\t<h3 class=\"elementor-icon-box-title\">\n\t\t\t\t\t\t<span  >\n\t\t\t\t\t\t\tPlans de Marque\t\t\t\t\t\t<\/span>\n\t\t\t\t\t<\/h3>\n\t\t\t\t\n\t\t\t\t\n\t\t\t<\/div>\n\t\t\t\n\t\t<\/div>\n\t\t\t\t\t\t<\/div>\n\t\t\t\t<\/div>\n\t\t\t\t<div class=\"elementor-element elementor-element-58b5f5a7 elementor-widget__width-initial elementor-widget elementor-widget-text-editor\" data-id=\"58b5f5a7\" data-element_type=\"widget\" data-widget_type=\"text-editor.default\">\n\t\t\t\t<div class=\"elementor-widget-container\">\n\t\t\t\t\t\t\t\t\t<div><strong>Un Plan de Marque d\u00e9finit les piliers de croissance ainsi que les \u00e9tapes de d\u00e9veloppement.<\/strong> Nous transformons les positionnements de marque en strat\u00e9gie \u00e0 long terme autour d&rsquo;une ambition partag\u00e9e et de priorit\u00e9s annuelles en accord avec les dynamiques de march\u00e9s. <\/div>\n<div> <\/div>\n<div>Avec notre exp\u00e9rience en gestion d&rsquo;\u00e9quipes multiculturelles, nous cr\u00e9ons la dynamique collaborative appropri\u00e9e pour des id\u00e9es percutantes et des initiatives solides par march\u00e9s et par fonctions.<\/div>\n<div> <\/div>\n<div>Chaque projet de Plans de Marque identifie les opportunit\u00e9s les plus attractives et r\u00e9alisables, ainsi que les activit\u00e9s et r\u00f4les par march\u00e9s.<\/div>\n\t\t\t\t\t\t\t\t<\/div>\n\t\t\t\t<\/div>\n\t\t\t\t<\/div>\n\t\t<div class=\"elementor-element elementor-element-6e678a06 e-con-full e-flex e-con e-child\" data-id=\"6e678a06\" data-element_type=\"container\" data-settings=\"{&quot;background_background&quot;:&quot;classic&quot;}\">\n\t\t\t\t<\/div>\n\t\t\t\t<\/div>\n\t\t\t\t\t<\/div>\n\t\t\t\t<\/div>\n\t\t<div class=\"elementor-element elementor-element-6e740202 e-flex e-con-boxed e-con e-parent\" data-id=\"6e740202\" data-element_type=\"container\" data-settings=\"{&quot;background_background&quot;:&quot;classic&quot;}\">\n\t\t\t\t\t<div class=\"e-con-inner\">\n\t\t<div class=\"elementor-element elementor-element-1feb24b3 e-con-full e-flex e-con e-child\" data-id=\"1feb24b3\" data-element_type=\"container\">\n\t\t<div class=\"elementor-element elementor-element-4fa37d83 e-con-full e-flex e-con e-child\" data-id=\"4fa37d83\" data-element_type=\"container\">\n\t\t\t\t<div class=\"elementor-element elementor-element-35dac714 elementor-invisible elementor-widget elementor-widget-heading\" data-id=\"35dac714\" data-element_type=\"widget\" data-settings=\"{&quot;_animation&quot;:&quot;fadeIn&quot;}\" data-widget_type=\"heading.default\">\n\t\t\t\t<div class=\"elementor-widget-container\">\n\t\t\t\t\t<h2 class=\"elementor-heading-title elementor-size-default\">R\u00e9velez le meilleur de vos marques.<\/h2>\t\t\t\t<\/div>\n\t\t\t\t<\/div>\n\t\t\t\t<div class=\"elementor-element elementor-element-253d29e2 elementor-align-justify elementor-widget__width-initial elementor-invisible elementor-widget elementor-widget-button\" data-id=\"253d29e2\" data-element_type=\"widget\" data-settings=\"{&quot;_animation&quot;:&quot;fadeIn&quot;,&quot;_animation_delay&quot;:600}\" data-widget_type=\"button.default\">\n\t\t\t\t<div class=\"elementor-widget-container\">\n\t\t\t\t\t\t\t\t\t<div class=\"elementor-button-wrapper\">\n\t\t\t\t\t<a class=\"elementor-button elementor-button-link elementor-size-sm\" href=\"https:\/\/brandreveal.net\/fr\/contact\/\">\n\t\t\t\t\t\t<span class=\"elementor-button-content-wrapper\">\n\t\t\t\t\t\t\t\t\t<span class=\"elementor-button-text\">Contact<\/span>\n\t\t\t\t\t<\/span>\n\t\t\t\t\t<\/a>\n\t\t\t\t<\/div>\n\t\t\t\t\t\t\t\t<\/div>\n\t\t\t\t<\/div>\n\t\t\t\t<\/div>\n\t\t\t\t<\/div>\n\t\t\t\t\t<\/div>\n\t\t\t\t<\/div>\n\t\t\t\t<\/div>\n\t\t","protected":false},"excerpt":{"rendered":"<p>Strat\u00e9gie de Portefeuille La strat\u00e9gie de Portefeuille veille \u00e0 ce que vos marques soient align\u00e9es sur les opportunit\u00e9s pr\u00e9sentes et futures. Nous identifions les extensions de gamme, les innovations, nous clarifions les r\u00f4les des marques et des march\u00e9s pour mieux fa\u00e7onner votre portefeuille selon des priorit\u00e9s claires. Notre pr\u00e9paration approfondie et travail avec vos \u00e9quipes [&hellip;]<\/p>\n","protected":false},"author":1,"featured_media":0,"parent":0,"menu_order":0,"comment_status":"closed","ping_status":"closed","template":"elementor_header_footer","meta":{"_seopress_robots_primary_cat":"","_seopress_titles_title":"","_seopress_titles_desc":"","_seopress_robots_index":"","footnotes":""},"class_list":["post-1991","page","type-page","status-publish","hentry"],"_links":{"self":[{"href":"https:\/\/brandreveal.net\/fr\/wp-json\/wp\/v2\/pages\/1991","targetHints":{"allow":["GET"]}}],"collection":[{"href":"https:\/\/brandreveal.net\/fr\/wp-json\/wp\/v2\/pages"}],"about":[{"href":"https:\/\/brandreveal.net\/fr\/wp-json\/wp\/v2\/types\/page"}],"author":[{"embeddable":true,"href":"https:\/\/brandreveal.net\/fr\/wp-json\/wp\/v2\/users\/1"}],"replies":[{"embeddable":true,"href":"https:\/\/brandreveal.net\/fr\/wp-json\/wp\/v2\/comments?post=1991"}],"version-history":[{"count":2,"href":"https:\/\/brandreveal.net\/fr\/wp-json\/wp\/v2\/pages\/1991\/revisions"}],"predecessor-version":[{"id":2222,"href":"https:\/\/brandreveal.net\/fr\/wp-json\/wp\/v2\/pages\/1991\/revisions\/2222"}],"wp:attachment":[{"href":"https:\/\/brandreveal.net\/fr\/wp-json\/wp\/v2\/media?parent=1991"}],"curies":[{"name":"wp","href":"https:\/\/api.w.org\/{rel}","templated":true}]}}