{"id":1999,"date":"2023-11-20T15:33:04","date_gmt":"2023-11-20T15:33:04","guid":{"rendered":"https:\/\/fluent.pt\/brandreveal\/gestion\/"},"modified":"2024-01-12T13:51:14","modified_gmt":"2024-01-12T13:51:14","slug":"gestion","status":"publish","type":"page","link":"https:\/\/brandreveal.net\/fr\/gestion\/","title":{"rendered":"Gestion"},"content":{"rendered":"\t\t<div data-elementor-type=\"wp-page\" data-elementor-id=\"1999\" class=\"elementor elementor-1999 elementor-656\" data-elementor-post-type=\"page\">\n\t\t\t\t<div class=\"elementor-element elementor-element-35d52562 e-flex e-con-boxed e-con e-parent\" data-id=\"35d52562\" data-element_type=\"container\" data-settings=\"{&quot;background_background&quot;:&quot;classic&quot;}\">\n\t\t\t\t\t<div class=\"e-con-inner\">\n\t\t\t\t<div class=\"elementor-element elementor-element-24a0b1c4 elementor-invisible elementor-widget elementor-widget-heading\" data-id=\"24a0b1c4\" data-element_type=\"widget\" data-settings=\"{&quot;_animation&quot;:&quot;fadeIn&quot;}\" data-widget_type=\"heading.default\">\n\t\t\t\t<div class=\"elementor-widget-container\">\n\t\t\t\t\t<h1 class=\"elementor-heading-title elementor-size-default\">Gestion<\/h1>\t\t\t\t<\/div>\n\t\t\t\t<\/div>\n\t\t\t\t\t<\/div>\n\t\t\t\t<\/div>\n\t\t<div class=\"elementor-element elementor-element-64ee3853 e-flex e-con-boxed e-con e-parent\" data-id=\"64ee3853\" data-element_type=\"container\">\n\t\t\t\t\t<div class=\"e-con-inner\">\n\t\t<div class=\"elementor-element elementor-element-328ca0ac e-con-full e-flex elementor-invisible e-con e-child\" data-id=\"328ca0ac\" data-element_type=\"container\" data-settings=\"{&quot;animation&quot;:&quot;slideInUp&quot;,&quot;background_background&quot;:&quot;classic&quot;,&quot;animation_delay&quot;:600}\">\n\t\t<div class=\"elementor-element elementor-element-6056c8b7 e-con-full e-flex e-con e-child\" data-id=\"6056c8b7\" data-element_type=\"container\">\n\t\t\t\t<div class=\"elementor-element elementor-element-19712006 elementor-position-left elementor-mobile-position-left elementor-view-default elementor-widget elementor-widget-icon-box\" data-id=\"19712006\" data-element_type=\"widget\" data-widget_type=\"icon-box.default\">\n\t\t\t\t<div class=\"elementor-widget-container\">\n\t\t\t\t\t\t\t<div class=\"elementor-icon-box-wrapper\">\n\n\t\t\t\t\t\t<div class=\"elementor-icon-box-icon\">\n\t\t\t\t<span  class=\"elementor-icon\">\n\t\t\t\t<svg xmlns=\"http:\/\/www.w3.org\/2000\/svg\" id=\"Layer_1\" width=\"49\" height=\"50\" viewBox=\"0 0 49 50\"><defs><style>.cls-1{fill:#181818;}<\/style><\/defs><path class=\"cls-1\" d=\"M0,50H28.94V16.66\"><\/path><path d=\"M20.06,50h28.94V16.66\"><\/path><path class=\"cls-1\" d=\"M0,33.33H28.94V0\"><\/path><\/svg>\t\t\t\t<\/span>\n\t\t\t<\/div>\n\t\t\t\n\t\t\t\t\t\t<div class=\"elementor-icon-box-content\">\n\n\t\t\t\t\t\t\t\t\t<h3 class=\"elementor-icon-box-title\">\n\t\t\t\t\t\t<span  >\n\t\t\t\t\t\t\tOrganisation Marketing\t\t\t\t\t\t<\/span>\n\t\t\t\t\t<\/h3>\n\t\t\t\t\n\t\t\t\t\n\t\t\t<\/div>\n\t\t\t\n\t\t<\/div>\n\t\t\t\t\t\t<\/div>\n\t\t\t\t<\/div>\n\t\t\t\t<div class=\"elementor-element elementor-element-6d37af93 elementor-widget elementor-widget-text-editor\" data-id=\"6d37af93\" data-element_type=\"widget\" data-widget_type=\"text-editor.default\">\n\t\t\t\t<div class=\"elementor-widget-container\">\n\t\t\t\t\t\t\t\t\t<div>\n<div><strong>L&rsquo;organisation Marketing d\u00e9finit et met en place l&rsquo;\u00e9quipe optimale pour g\u00e9rer vos marques en fonction des besoins et des ressources disponibles.\u00a0\u00bb<\/strong><\/div>\n<div> <\/div>\n<div>Notre exp\u00e9rience au sein de grandes corporations et de petites entreprises nous permet de puiser dans une grande vari\u00e9t\u00e9 de cas pour aider \u00e0 d\u00e9finir les structures marketing, les r\u00f4les et les responsabilit\u00e9s qui correspondent \u00e0 vos ambitions de marque et aux plans d&rsquo;activit\u00e9s.<\/div>\n<div> <\/div>\n<div><span style=\"color: #2a2a2a; font-family: Inter, sans-serif; font-size: medium;\">Notre support agit comme la carte secr\u00e8te des RH d&rsquo;un directeur marketing pour recruter, g\u00e9rer et former vos futurs cadres marketing.\u00a0\u00bb<\/span><\/div>\n<\/div>\n\t\t\t\t\t\t\t\t<\/div>\n\t\t\t\t<\/div>\n\t\t\t\t<\/div>\n\t\t<div class=\"elementor-element elementor-element-6634c41 e-con-full e-flex e-con e-child\" data-id=\"6634c41\" data-element_type=\"container\" data-settings=\"{&quot;background_background&quot;:&quot;classic&quot;}\">\n\t\t\t\t<\/div>\n\t\t\t\t<\/div>\n\t\t<div class=\"elementor-element elementor-element-21627206 e-con-full e-flex elementor-invisible e-con e-child\" data-id=\"21627206\" data-element_type=\"container\" data-settings=\"{&quot;animation&quot;:&quot;slideInUp&quot;,&quot;background_background&quot;:&quot;classic&quot;,&quot;animation_delay&quot;:300}\">\n\t\t<div class=\"elementor-element elementor-element-61be1621 e-con-full e-flex e-con e-child\" data-id=\"61be1621\" data-element_type=\"container\" data-settings=\"{&quot;background_background&quot;:&quot;classic&quot;}\">\n\t\t\t\t<\/div>\n\t\t<div class=\"elementor-element elementor-element-55074ee7 e-con-full e-flex e-con e-child\" data-id=\"55074ee7\" data-element_type=\"container\">\n\t\t\t\t<div class=\"elementor-element elementor-element-420be90a elementor-position-left elementor-mobile-position-left elementor-view-default elementor-widget elementor-widget-icon-box\" data-id=\"420be90a\" data-element_type=\"widget\" data-widget_type=\"icon-box.default\">\n\t\t\t\t<div class=\"elementor-widget-container\">\n\t\t\t\t\t\t\t<div class=\"elementor-icon-box-wrapper\">\n\n\t\t\t\t\t\t<div class=\"elementor-icon-box-icon\">\n\t\t\t\t<span  class=\"elementor-icon\">\n\t\t\t\t<svg xmlns=\"http:\/\/www.w3.org\/2000\/svg\" viewBox=\"0 0 49 50\"><path d=\"M24.5 50a24.05 24.05 0 0 1-9.376-1.904 24.468 24.468 0 0 1-7.948-5.424 25.066 25.066 0 0 1-5.311-8.119A25.492 25.492 0 0 1 0 24.976h24.5V50Z\" fill=\"#181818\"><\/path><path d=\"M49 24.976c0 3.287-.634 6.54-1.865 9.577a25.066 25.066 0 0 1-5.311 8.119 24.467 24.467 0 0 1-7.948 5.424A24.05 24.05 0 0 1 24.5 50V24.976H49Z\"><\/path><path d=\"M24.5 25.024a24.05 24.05 0 0 1-9.376-1.904 24.468 24.468 0 0 1-7.948-5.424 25.066 25.066 0 0 1-5.311-8.12A25.492 25.492 0 0 1 0 0h24.5v25.024Z\" fill=\"#181818\"><\/path><\/svg>\t\t\t\t<\/span>\n\t\t\t<\/div>\n\t\t\t\n\t\t\t\t\t\t<div class=\"elementor-icon-box-content\">\n\n\t\t\t\t\t\t\t\t\t<h3 class=\"elementor-icon-box-title\">\n\t\t\t\t\t\t<span  >\n\t\t\t\t\t\t\tOutils de Construction de Marque\t\t\t\t\t\t<\/span>\n\t\t\t\t\t<\/h3>\n\t\t\t\t\n\t\t\t\t\n\t\t\t<\/div>\n\t\t\t\n\t\t<\/div>\n\t\t\t\t\t\t<\/div>\n\t\t\t\t<\/div>\n\t\t\t\t<div class=\"elementor-element elementor-element-ce7f686 elementor-widget elementor-widget-text-editor\" data-id=\"ce7f686\" data-element_type=\"widget\" data-widget_type=\"text-editor.default\">\n\t\t\t\t<div class=\"elementor-widget-container\">\n\t\t\t\t\t\t\t\t\t<div><strong>Les Outils de Construction de Marque regroupent les techniques et th\u00e9ories qu&rsquo;une entreprise \u00e9tablit pour d\u00e9finir et promouvoir ses marques.<\/strong> \u00c9galement connus sous le nom de \u00ab\u00a0Marketing Academy\u00a0\u00bb, ces outils servent de langage commun entre les marques ou les march\u00e9s pour construire puis \u00e9valuer les plateformes et les plans.<\/div>\n<div> <\/div>\n<div>Chaque projet d&rsquo;outils de construction de marque identifie les meilleures approches et usages d&rsquo;une entreprise, tels que le positionnement, la g\u00e9n\u00e9ration d&rsquo;insights ou les briefs d&rsquo;activit\u00e9, et les optimise avec nos mod\u00e8les.<\/div>\n<div> <\/div>\n<div>Les outils de construction de marque offrent d&rsquo;\u00e9normes avantages en termes d&rsquo;efficacit\u00e9, car ils clarifient les d\u00e9finitions, am\u00e9liorent la qualit\u00e9 des r\u00e9sultats et acc\u00e9l\u00e8rent la formation et l&rsquo;int\u00e9gration des nouveaux membres de l&rsquo;\u00e9quipe marketing. <\/div>\n\t\t\t\t\t\t\t\t<\/div>\n\t\t\t\t<\/div>\n\t\t\t\t<\/div>\n\t\t\t\t<\/div>\n\t\t<div class=\"elementor-element elementor-element-781faa02 e-con-full e-flex elementor-invisible e-con e-child\" data-id=\"781faa02\" data-element_type=\"container\" data-settings=\"{&quot;animation&quot;:&quot;slideInUp&quot;,&quot;background_background&quot;:&quot;classic&quot;}\">\n\t\t<div class=\"elementor-element elementor-element-695918a2 e-con-full e-flex e-con e-child\" data-id=\"695918a2\" data-element_type=\"container\">\n\t\t\t\t<div class=\"elementor-element elementor-element-598619af elementor-position-left elementor-mobile-position-left elementor-view-default elementor-widget elementor-widget-icon-box\" data-id=\"598619af\" data-element_type=\"widget\" data-widget_type=\"icon-box.default\">\n\t\t\t\t<div class=\"elementor-widget-container\">\n\t\t\t\t\t\t\t<div class=\"elementor-icon-box-wrapper\">\n\n\t\t\t\t\t\t<div class=\"elementor-icon-box-icon\">\n\t\t\t\t<span  class=\"elementor-icon\">\n\t\t\t\t<svg xmlns=\"http:\/\/www.w3.org\/2000\/svg\" viewBox=\"0 0 49 50\"><path d=\"M16.332 16.667H0v16.666h16.332V16.667Z\" fill=\"#181818\"><\/path><path d=\"M32.667 16.667H16.335v16.666h16.332V16.667Z\"><\/path><path d=\"M49 0H32.668v16.667H49V0ZM32.667 33.333H16.335V50h16.332V33.333Z\" fill=\"#181818\"><\/path><\/svg>\t\t\t\t<\/span>\n\t\t\t<\/div>\n\t\t\t\n\t\t\t\t\t\t<div class=\"elementor-icon-box-content\">\n\n\t\t\t\t\t\t\t\t\t<h3 class=\"elementor-icon-box-title\">\n\t\t\t\t\t\t<span  >\n\t\t\t\t\t\t\tPrix &amp; Promotions\t\t\t\t\t\t<\/span>\n\t\t\t\t\t<\/h3>\n\t\t\t\t\n\t\t\t\t\n\t\t\t<\/div>\n\t\t\t\n\t\t<\/div>\n\t\t\t\t\t\t<\/div>\n\t\t\t\t<\/div>\n\t\t\t\t<div class=\"elementor-element elementor-element-58b5f5a7 elementor-widget elementor-widget-text-editor\" data-id=\"58b5f5a7\" data-element_type=\"widget\" data-widget_type=\"text-editor.default\">\n\t\t\t\t<div class=\"elementor-widget-container\">\n\t\t\t\t\t\t\t\t\t<div><strong>Le Prix est le seul levier marketing avec un impact direct et non \u00e9quivoque sur le compte de r\u00e9sultat d&rsquo;une marque.<\/strong> Et pourtant, ce n&rsquo;est pas la discipline pr\u00e9f\u00e9r\u00e9e par les responsables de marque&#8230;<\/div>\n<div> <\/div>\n<div>Chez Brand Reveal, nous avons les outils et l&rsquo;approche pour analyser les march\u00e9s sous l&rsquo;angle du prix et r\u00e9pondre \u00e0 des questions simples telles que le niveau de prix conseill\u00e9 optimal ou la d\u00e9finition de promotions qui amplifient les profits &#8211; et ce de mani\u00e8re enthousiasmante !<\/div>\n<div> <\/div>\n<div>Notre approche permet \u00e0 vos \u00e9quipes de d\u00e9velopper graduellement leur expertise en termes de Pricing et de pratiquer cette discipline collectivement avec les d\u00e9partements marketing, ventes et finances, et ce pour une efficacit\u00e9 maximale, quelle que soit la chaine de valeurs.<\/div>\n\t\t\t\t\t\t\t\t<\/div>\n\t\t\t\t<\/div>\n\t\t\t\t<\/div>\n\t\t<div class=\"elementor-element elementor-element-6e678a06 e-con-full e-flex e-con e-child\" data-id=\"6e678a06\" data-element_type=\"container\" data-settings=\"{&quot;background_background&quot;:&quot;classic&quot;}\">\n\t\t\t\t<\/div>\n\t\t\t\t<\/div>\n\t\t\t\t\t<\/div>\n\t\t\t\t<\/div>\n\t\t<div class=\"elementor-element elementor-element-f243f15 e-flex e-con-boxed e-con e-parent\" data-id=\"f243f15\" data-element_type=\"container\" data-settings=\"{&quot;background_background&quot;:&quot;classic&quot;}\">\n\t\t\t\t\t<div class=\"e-con-inner\">\n\t\t<div class=\"elementor-element elementor-element-4002e503 e-con-full e-flex e-con e-child\" data-id=\"4002e503\" data-element_type=\"container\">\n\t\t<div class=\"elementor-element elementor-element-5ebb0b8e e-con-full e-flex e-con e-child\" data-id=\"5ebb0b8e\" data-element_type=\"container\">\n\t\t\t\t<div class=\"elementor-element elementor-element-741eec13 elementor-invisible elementor-widget elementor-widget-heading\" data-id=\"741eec13\" data-element_type=\"widget\" data-settings=\"{&quot;_animation&quot;:&quot;fadeIn&quot;}\" data-widget_type=\"heading.default\">\n\t\t\t\t<div class=\"elementor-widget-container\">\n\t\t\t\t\t<h2 class=\"elementor-heading-title elementor-size-default\">R\u00e9velez le meilleur de vos marques.<\/h2>\t\t\t\t<\/div>\n\t\t\t\t<\/div>\n\t\t\t\t<div class=\"elementor-element elementor-element-530ad245 elementor-align-justify elementor-widget__width-initial elementor-invisible elementor-widget elementor-widget-button\" data-id=\"530ad245\" data-element_type=\"widget\" data-settings=\"{&quot;_animation&quot;:&quot;fadeIn&quot;,&quot;_animation_delay&quot;:600}\" data-widget_type=\"button.default\">\n\t\t\t\t<div class=\"elementor-widget-container\">\n\t\t\t\t\t\t\t\t\t<div class=\"elementor-button-wrapper\">\n\t\t\t\t\t<a class=\"elementor-button elementor-button-link elementor-size-sm\" href=\"https:\/\/brandreveal.net\/fr\/contact\/\">\n\t\t\t\t\t\t<span class=\"elementor-button-content-wrapper\">\n\t\t\t\t\t\t\t\t\t<span class=\"elementor-button-text\">Contact<\/span>\n\t\t\t\t\t<\/span>\n\t\t\t\t\t<\/a>\n\t\t\t\t<\/div>\n\t\t\t\t\t\t\t\t<\/div>\n\t\t\t\t<\/div>\n\t\t\t\t<\/div>\n\t\t\t\t<\/div>\n\t\t\t\t\t<\/div>\n\t\t\t\t<\/div>\n\t\t\t\t<\/div>\n\t\t","protected":false},"excerpt":{"rendered":"<p>Organisation Marketing L&rsquo;organisation Marketing d\u00e9finit et met en place l&rsquo;\u00e9quipe optimale pour g\u00e9rer vos marques en fonction des besoins et des ressources disponibles.\u00a0\u00bb Notre exp\u00e9rience au sein de grandes corporations et de petites entreprises nous permet de puiser dans une grande vari\u00e9t\u00e9 de cas pour aider \u00e0 d\u00e9finir les structures marketing, les r\u00f4les et les [&hellip;]<\/p>\n","protected":false},"author":1,"featured_media":0,"parent":0,"menu_order":0,"comment_status":"closed","ping_status":"closed","template":"elementor_header_footer","meta":{"_seopress_robots_primary_cat":"","_seopress_titles_title":"","_seopress_titles_desc":"","_seopress_robots_index":"","footnotes":""},"class_list":["post-1999","page","type-page","status-publish","hentry"],"_links":{"self":[{"href":"https:\/\/brandreveal.net\/fr\/wp-json\/wp\/v2\/pages\/1999","targetHints":{"allow":["GET"]}}],"collection":[{"href":"https:\/\/brandreveal.net\/fr\/wp-json\/wp\/v2\/pages"}],"about":[{"href":"https:\/\/brandreveal.net\/fr\/wp-json\/wp\/v2\/types\/page"}],"author":[{"embeddable":true,"href":"https:\/\/brandreveal.net\/fr\/wp-json\/wp\/v2\/users\/1"}],"replies":[{"embeddable":true,"href":"https:\/\/brandreveal.net\/fr\/wp-json\/wp\/v2\/comments?post=1999"}],"version-history":[{"count":2,"href":"https:\/\/brandreveal.net\/fr\/wp-json\/wp\/v2\/pages\/1999\/revisions"}],"predecessor-version":[{"id":2214,"href":"https:\/\/brandreveal.net\/fr\/wp-json\/wp\/v2\/pages\/1999\/revisions\/2214"}],"wp:attachment":[{"href":"https:\/\/brandreveal.net\/fr\/wp-json\/wp\/v2\/media?parent=1999"}],"curies":[{"name":"wp","href":"https:\/\/api.w.org\/{rel}","templated":true}]}}