{"id":2001,"date":"2023-11-13T20:47:15","date_gmt":"2023-11-13T20:47:15","guid":{"rendered":"https:\/\/fluent.pt\/brandreveal\/comment-nous-aimons-travailler\/"},"modified":"2024-01-12T13:50:01","modified_gmt":"2024-01-12T13:50:01","slug":"comment-nous-aimons-travailler","status":"publish","type":"page","link":"https:\/\/brandreveal.net\/fr\/comment-nous-aimons-travailler\/","title":{"rendered":"Comment nous aimons travailler"},"content":{"rendered":"\t\t<div data-elementor-type=\"wp-page\" data-elementor-id=\"2001\" class=\"elementor elementor-2001 elementor-548\" data-elementor-post-type=\"page\">\n\t\t\t\t<div class=\"elementor-element elementor-element-35d52562 e-flex e-con-boxed e-con e-parent\" data-id=\"35d52562\" data-element_type=\"container\" data-settings=\"{&quot;background_background&quot;:&quot;classic&quot;}\">\n\t\t\t\t\t<div class=\"e-con-inner\">\n\t\t\t\t<div class=\"elementor-element elementor-element-24a0b1c4 elementor-invisible elementor-widget elementor-widget-heading\" data-id=\"24a0b1c4\" data-element_type=\"widget\" data-settings=\"{&quot;_animation&quot;:&quot;fadeIn&quot;}\" data-widget_type=\"heading.default\">\n\t\t\t\t<div class=\"elementor-widget-container\">\n\t\t\t\t\t<h1 class=\"elementor-heading-title elementor-size-default\">Comment nous aimons travailler<\/h1>\t\t\t\t<\/div>\n\t\t\t\t<\/div>\n\t\t\t\t\t<\/div>\n\t\t\t\t<\/div>\n\t\t<div class=\"elementor-element elementor-element-64ee3853 e-flex e-con-boxed e-con e-parent\" data-id=\"64ee3853\" data-element_type=\"container\">\n\t\t\t\t\t<div class=\"e-con-inner\">\n\t\t<div class=\"elementor-element elementor-element-328ca0ac e-con-full e-flex elementor-invisible e-con e-child\" data-id=\"328ca0ac\" data-element_type=\"container\" id=\"teamwork\" data-settings=\"{&quot;animation&quot;:&quot;slideInUp&quot;,&quot;background_background&quot;:&quot;classic&quot;,&quot;animation_delay&quot;:600}\">\n\t\t<div class=\"elementor-element elementor-element-6056c8b7 e-con-full e-flex e-con e-child\" data-id=\"6056c8b7\" data-element_type=\"container\">\n\t\t\t\t<div class=\"elementor-element elementor-element-19712006 elementor-position-left elementor-mobile-position-left elementor-view-default elementor-widget elementor-widget-icon-box\" data-id=\"19712006\" data-element_type=\"widget\" data-widget_type=\"icon-box.default\">\n\t\t\t\t<div class=\"elementor-widget-container\">\n\t\t\t\t\t\t\t<div class=\"elementor-icon-box-wrapper\">\n\n\t\t\t\t\t\t<div class=\"elementor-icon-box-icon\">\n\t\t\t\t<span  class=\"elementor-icon\">\n\t\t\t\t<svg xmlns=\"http:\/\/www.w3.org\/2000\/svg\" viewBox=\"0 0 49 50\"><path d=\"M16.333 9.398H0V50h16.333V9.398Z\" fill=\"#181818\"><\/path><path d=\"M32.666 9.398H16.333V50h16.333V9.398Z\"><\/path><path d=\"M49 0H32.665v40.602h16.333V0Z\" fill=\"#181818\"><\/path><\/svg>\t\t\t\t<\/span>\n\t\t\t<\/div>\n\t\t\t\n\t\t\t\t\t\t<div class=\"elementor-icon-box-content\">\n\n\t\t\t\t\t\t\t\t\t<h3 class=\"elementor-icon-box-title\">\n\t\t\t\t\t\t<span  >\n\t\t\t\t\t\t\tEquipes\t\t\t\t\t\t<\/span>\n\t\t\t\t\t<\/h3>\n\t\t\t\t\n\t\t\t\t\n\t\t\t<\/div>\n\t\t\t\n\t\t<\/div>\n\t\t\t\t\t\t<\/div>\n\t\t\t\t<\/div>\n\t\t\t\t<div class=\"elementor-element elementor-element-6d37af93 elementor-widget elementor-widget-text-editor\" data-id=\"6d37af93\" data-element_type=\"widget\" data-widget_type=\"text-editor.default\">\n\t\t\t\t<div class=\"elementor-widget-container\">\n\t\t\t\t\t\t\t\t\t<div><strong>Nous croyons que les meilleures strat\u00e9gies sont celles produites et mises en place par ceux et celles aux responsabilit\u00e9s : vous et vos \u00e9quipes.<\/strong><\/div>\n<div> <\/div>\n<div>Pour chaque projet, nous constituons une \u00e9quipe sp\u00e9ciale o\u00f9 chacun apporte des id\u00e9es et des solutions. Notre r\u00f4le est de nourrir ces p\u00e9pites, susciter de bonnes conversations et trouver des solutions novatrices. <\/div>\n<div> <\/div>\n<div>Notre \u00e9quipe principale cumule plus de 150 ann\u00e9es d&rsquo;exp\u00e9rience collective (!!!). Nous avons vu beaucoup de choses au cours de nos carri\u00e8res et enrichissons chaque conversation avec une bonne dose de remise en cause et des perspectives nouvelles. <\/div>\n\t\t\t\t\t\t\t\t<\/div>\n\t\t\t\t<\/div>\n\t\t\t\t<\/div>\n\t\t<div class=\"elementor-element elementor-element-6634c41 e-con-full e-flex e-con e-child\" data-id=\"6634c41\" data-element_type=\"container\" data-settings=\"{&quot;background_background&quot;:&quot;classic&quot;}\">\n\t\t\t\t<\/div>\n\t\t\t\t<\/div>\n\t\t<div class=\"elementor-element elementor-element-21627206 e-con-full e-flex elementor-invisible e-con e-child\" data-id=\"21627206\" data-element_type=\"container\" id=\"flexibility\" data-settings=\"{&quot;animation&quot;:&quot;slideInUp&quot;,&quot;background_background&quot;:&quot;classic&quot;,&quot;animation_delay&quot;:300}\">\n\t\t<div class=\"elementor-element elementor-element-61be1621 e-con-full e-flex e-con e-child\" data-id=\"61be1621\" data-element_type=\"container\" data-settings=\"{&quot;background_background&quot;:&quot;classic&quot;}\">\n\t\t\t\t<\/div>\n\t\t<div class=\"elementor-element elementor-element-55074ee7 e-con-full e-flex e-con e-child\" data-id=\"55074ee7\" data-element_type=\"container\">\n\t\t\t\t<div class=\"elementor-element elementor-element-420be90a elementor-position-left elementor-mobile-position-left elementor-view-default elementor-widget elementor-widget-icon-box\" data-id=\"420be90a\" data-element_type=\"widget\" data-widget_type=\"icon-box.default\">\n\t\t\t\t<div class=\"elementor-widget-container\">\n\t\t\t\t\t\t\t<div class=\"elementor-icon-box-wrapper\">\n\n\t\t\t\t\t\t<div class=\"elementor-icon-box-icon\">\n\t\t\t\t<span  class=\"elementor-icon\">\n\t\t\t\t<svg xmlns=\"http:\/\/www.w3.org\/2000\/svg\" viewBox=\"0 0 49 50\"><path d=\"M24.5 50a24.05 24.05 0 0 1-9.376-1.904 24.468 24.468 0 0 1-7.948-5.424 25.066 25.066 0 0 1-5.311-8.119A25.492 25.492 0 0 1 0 24.976h24.5V50Z\" fill=\"#181818\"><\/path><path d=\"M49 24.976c0 3.287-.634 6.54-1.865 9.577a25.066 25.066 0 0 1-5.311 8.119 24.467 24.467 0 0 1-7.948 5.424A24.05 24.05 0 0 1 24.5 50V24.976H49Z\"><\/path><path d=\"M24.5 25.024a24.05 24.05 0 0 1-9.376-1.904 24.468 24.468 0 0 1-7.948-5.424 25.066 25.066 0 0 1-5.311-8.12A25.492 25.492 0 0 1 0 0h24.5v25.024Z\" fill=\"#181818\"><\/path><\/svg>\t\t\t\t<\/span>\n\t\t\t<\/div>\n\t\t\t\n\t\t\t\t\t\t<div class=\"elementor-icon-box-content\">\n\n\t\t\t\t\t\t\t\t\t<h3 class=\"elementor-icon-box-title\">\n\t\t\t\t\t\t<span  >\n\t\t\t\t\t\t\tFlexibilit\u00e9\t\t\t\t\t\t<\/span>\n\t\t\t\t\t<\/h3>\n\t\t\t\t\n\t\t\t\t\n\t\t\t<\/div>\n\t\t\t\n\t\t<\/div>\n\t\t\t\t\t\t<\/div>\n\t\t\t\t<\/div>\n\t\t\t\t<div class=\"elementor-element elementor-element-ce7f686 elementor-widget elementor-widget-text-editor\" data-id=\"ce7f686\" data-element_type=\"widget\" data-widget_type=\"text-editor.default\">\n\t\t\t\t<div class=\"elementor-widget-container\">\n\t\t\t\t\t\t\t\t\t<div><strong>Nous sommes une petite \u00e9quipe<\/strong>, Direct et agile. Comme une force d&rsquo;intervention. Nous aimons (et nous sommes s\u00fbrs que vous aussi) consacrer le temps n\u00e9cessaire pour examiner et bien formuler le d\u00e9fi \u00e0 relever, en mettant toutes les cartes sur la table.  <\/div>\n<div> <\/div>\n<div>Notre \u00e9quipe a travaill\u00e9 collectivement dans plus de 15 entreprises. Nous savons tirer le meilleur parti des organisations matricielles et r\u00e9pondre \u00e0 l&rsquo;imp\u00e9ratif commercial des jeunes entreprises. <\/div>\n<div> <\/div>\n<div>Nous parlons couramment 5 langues. Cela aide vraiment \u00e0 aller au c\u0153ur des analyses et \u00e0 produire des id\u00e9es pr\u00e9cieuses. <\/div>\n\t\t\t\t\t\t\t\t<\/div>\n\t\t\t\t<\/div>\n\t\t\t\t<\/div>\n\t\t\t\t<\/div>\n\t\t<div class=\"elementor-element elementor-element-781faa02 e-con-full e-flex elementor-invisible e-con e-child\" data-id=\"781faa02\" data-element_type=\"container\" id=\"expertise\" data-settings=\"{&quot;animation&quot;:&quot;slideInUp&quot;,&quot;background_background&quot;:&quot;classic&quot;}\">\n\t\t<div class=\"elementor-element elementor-element-695918a2 e-con-full e-flex e-con e-child\" data-id=\"695918a2\" data-element_type=\"container\">\n\t\t\t\t<div class=\"elementor-element elementor-element-598619af elementor-position-left elementor-mobile-position-left elementor-view-default elementor-widget elementor-widget-icon-box\" data-id=\"598619af\" data-element_type=\"widget\" data-widget_type=\"icon-box.default\">\n\t\t\t\t<div class=\"elementor-widget-container\">\n\t\t\t\t\t\t\t<div class=\"elementor-icon-box-wrapper\">\n\n\t\t\t\t\t\t<div class=\"elementor-icon-box-icon\">\n\t\t\t\t<span  class=\"elementor-icon\">\n\t\t\t\t<svg xmlns=\"http:\/\/www.w3.org\/2000\/svg\" viewBox=\"0 0 49 50\"><path d=\"M16.332 16.667H0v16.666h16.332V16.667Z\" fill=\"#181818\"><\/path><path d=\"M32.667 16.667H16.335v16.666h16.332V16.667Z\"><\/path><path d=\"M49 0H32.668v16.667H49V0ZM32.667 33.333H16.335V50h16.332V33.333Z\" fill=\"#181818\"><\/path><\/svg>\t\t\t\t<\/span>\n\t\t\t<\/div>\n\t\t\t\n\t\t\t\t\t\t<div class=\"elementor-icon-box-content\">\n\n\t\t\t\t\t\t\t\t\t<h3 class=\"elementor-icon-box-title\">\n\t\t\t\t\t\t<span  >\n\t\t\t\t\t\t\tExpertise\t\t\t\t\t\t<\/span>\n\t\t\t\t\t<\/h3>\n\t\t\t\t\n\t\t\t\t\n\t\t\t<\/div>\n\t\t\t\n\t\t<\/div>\n\t\t\t\t\t\t<\/div>\n\t\t\t\t<\/div>\n\t\t\t\t<div class=\"elementor-element elementor-element-58b5f5a7 elementor-widget elementor-widget-text-editor\" data-id=\"58b5f5a7\" data-element_type=\"widget\" data-widget_type=\"text-editor.default\">\n\t\t\t\t<div class=\"elementor-widget-container\">\n\t\t\t\t\t\t\t\t\t<div><strong>Nous ne savons pas tout. Mais notre coeur de m\u00e9tier, c&rsquo;est le marketing, avec une nette pr\u00e9f\u00e9rence pour les boissons. <\/strong><\/div>\n<div> <\/div>\n<div><span style=\"font-family: var( --e-global-typography-text-font-family ), Sans-serif; font-size: var( --e-global-typography-text-font-size ); font-style: var( --e-global-typography-text-font-style ); letter-spacing: var( --e-global-typography-text-letter-spacing ); text-transform: var( --e-global-typography-text-text-transform ); word-spacing: var( --e-global-typography-text-word-spacing ); text-decoration: var( --e-global-typography-text-text-decoration );\">Peu importe votre d\u00e9fi, nous constituerons l&rsquo;\u00e9quipe id\u00e9ale d&rsquo;experts qui ont contribu\u00e9 \u00e0 fa\u00e7onner des marques globales.<\/span><\/div>\n<div> <\/div>\n<div>Sponsoring? \u00c9tudes de march\u00e9 ? Ev\u00e8nementiel ? M\u00e9dias ? Num\u00e9rique ? Nous avons tout ce qu&rsquo;il vous faut.      <span style=\"font-family: var( --e-global-typography-text-font-family ), Sans-serif; font-size: var( --e-global-typography-text-font-size ); font-style: var( --e-global-typography-text-font-style ); letter-spacing: var( --e-global-typography-text-letter-spacing ); text-transform: var( --e-global-typography-text-text-transform ); word-spacing: var( --e-global-typography-text-word-spacing ); text-decoration: var( --e-global-typography-text-text-decoration );\">Pour nous, chaque discipline marketing ne devient pr\u00e9cieuse que lorsque des conversations prouvant leur retour sur investissement entrent en jeu.<\/span><\/div>\n\t\t\t\t\t\t\t\t<\/div>\n\t\t\t\t<\/div>\n\t\t\t\t<\/div>\n\t\t<div class=\"elementor-element elementor-element-6e678a06 e-con-full e-flex e-con e-child\" data-id=\"6e678a06\" data-element_type=\"container\" data-settings=\"{&quot;background_background&quot;:&quot;classic&quot;}\">\n\t\t\t\t<\/div>\n\t\t\t\t<\/div>\n\t\t\t\t\t<\/div>\n\t\t\t\t<\/div>\n\t\t<div class=\"elementor-element elementor-element-7b1945f0 e-flex e-con-boxed e-con e-parent\" data-id=\"7b1945f0\" data-element_type=\"container\" data-settings=\"{&quot;background_background&quot;:&quot;classic&quot;}\">\n\t\t\t\t\t<div class=\"e-con-inner\">\n\t\t<div class=\"elementor-element elementor-element-309ce7d8 e-con-full e-flex e-con e-child\" data-id=\"309ce7d8\" data-element_type=\"container\">\n\t\t<div class=\"elementor-element elementor-element-17d0bd07 e-con-full e-flex e-con e-child\" data-id=\"17d0bd07\" data-element_type=\"container\">\n\t\t\t\t<div class=\"elementor-element elementor-element-76071595 elementor-invisible elementor-widget elementor-widget-heading\" data-id=\"76071595\" data-element_type=\"widget\" data-settings=\"{&quot;_animation&quot;:&quot;fadeIn&quot;}\" data-widget_type=\"heading.default\">\n\t\t\t\t<div class=\"elementor-widget-container\">\n\t\t\t\t\t<h2 class=\"elementor-heading-title elementor-size-default\">R\u00e9velez le meilleur de vos marques.<\/h2>\t\t\t\t<\/div>\n\t\t\t\t<\/div>\n\t\t\t\t<div class=\"elementor-element elementor-element-4579db05 elementor-align-justify elementor-widget__width-initial elementor-invisible elementor-widget elementor-widget-button\" data-id=\"4579db05\" data-element_type=\"widget\" data-settings=\"{&quot;_animation&quot;:&quot;fadeIn&quot;,&quot;_animation_delay&quot;:600}\" data-widget_type=\"button.default\">\n\t\t\t\t<div class=\"elementor-widget-container\">\n\t\t\t\t\t\t\t\t\t<div class=\"elementor-button-wrapper\">\n\t\t\t\t\t<a class=\"elementor-button elementor-button-link elementor-size-sm\" href=\"https:\/\/brandreveal.net\/fr\/contact\/\">\n\t\t\t\t\t\t<span class=\"elementor-button-content-wrapper\">\n\t\t\t\t\t\t\t\t\t<span class=\"elementor-button-text\">Contact<\/span>\n\t\t\t\t\t<\/span>\n\t\t\t\t\t<\/a>\n\t\t\t\t<\/div>\n\t\t\t\t\t\t\t\t<\/div>\n\t\t\t\t<\/div>\n\t\t\t\t<\/div>\n\t\t\t\t<\/div>\n\t\t\t\t\t<\/div>\n\t\t\t\t<\/div>\n\t\t\t\t<\/div>\n\t\t","protected":false},"excerpt":{"rendered":"<p>Equipes Nous croyons que les meilleures strat\u00e9gies sont celles produites et mises en place par ceux et celles aux responsabilit\u00e9s : vous et vos \u00e9quipes. Pour chaque projet, nous constituons une \u00e9quipe sp\u00e9ciale o\u00f9 chacun apporte des id\u00e9es et des solutions. Notre r\u00f4le est de nourrir ces p\u00e9pites, susciter de bonnes conversations et trouver des [&hellip;]<\/p>\n","protected":false},"author":1,"featured_media":0,"parent":0,"menu_order":0,"comment_status":"closed","ping_status":"closed","template":"elementor_header_footer","meta":{"_seopress_robots_primary_cat":"","_seopress_titles_title":"","_seopress_titles_desc":"","_seopress_robots_index":"","footnotes":""},"class_list":["post-2001","page","type-page","status-publish","hentry"],"_links":{"self":[{"href":"https:\/\/brandreveal.net\/fr\/wp-json\/wp\/v2\/pages\/2001","targetHints":{"allow":["GET"]}}],"collection":[{"href":"https:\/\/brandreveal.net\/fr\/wp-json\/wp\/v2\/pages"}],"about":[{"href":"https:\/\/brandreveal.net\/fr\/wp-json\/wp\/v2\/types\/page"}],"author":[{"embeddable":true,"href":"https:\/\/brandreveal.net\/fr\/wp-json\/wp\/v2\/users\/1"}],"replies":[{"embeddable":true,"href":"https:\/\/brandreveal.net\/fr\/wp-json\/wp\/v2\/comments?post=2001"}],"version-history":[{"count":2,"href":"https:\/\/brandreveal.net\/fr\/wp-json\/wp\/v2\/pages\/2001\/revisions"}],"predecessor-version":[{"id":2212,"href":"https:\/\/brandreveal.net\/fr\/wp-json\/wp\/v2\/pages\/2001\/revisions\/2212"}],"wp:attachment":[{"href":"https:\/\/brandreveal.net\/fr\/wp-json\/wp\/v2\/media?parent=2001"}],"curies":[{"name":"wp","href":"https:\/\/api.w.org\/{rel}","templated":true}]}}