{"id":2348,"date":"2023-11-03T15:12:10","date_gmt":"2023-11-03T15:12:10","guid":{"rendered":"https:\/\/fluent.pt\/brandreveal\/politique-de-confidentialite\/"},"modified":"2024-01-12T19:00:01","modified_gmt":"2024-01-12T19:00:01","slug":"politique-de-confidentialite","status":"publish","type":"page","link":"https:\/\/brandreveal.net\/fr\/politique-de-confidentialite\/","title":{"rendered":"Politique de confidentialit\u00e9"},"content":{"rendered":"\t\t<div data-elementor-type=\"wp-page\" data-elementor-id=\"2348\" class=\"elementor elementor-2348 elementor-3\" data-elementor-post-type=\"page\">\n\t\t\t\t<div class=\"elementor-element elementor-element-998928b e-flex e-con-boxed e-con e-parent\" data-id=\"998928b\" data-element_type=\"container\">\n\t\t\t\t\t<div class=\"e-con-inner\">\n\t\t\t\t<div class=\"elementor-element elementor-element-076902a elementor-widget elementor-widget-heading\" data-id=\"076902a\" data-element_type=\"widget\" data-widget_type=\"heading.default\">\n\t\t\t\t<div class=\"elementor-widget-container\">\n\t\t\t\t\t<h2 class=\"elementor-heading-title elementor-size-default\">Politique de confidentialit\u00e9<\/h2>\t\t\t\t<\/div>\n\t\t\t\t<\/div>\n\t\t\t\t\t<\/div>\n\t\t\t\t<\/div>\n\t\t<div class=\"elementor-element elementor-element-74e1b63e e-flex e-con-boxed e-con e-parent\" data-id=\"74e1b63e\" data-element_type=\"container\">\n\t\t\t\t\t<div class=\"e-con-inner\">\n\t\t\t\t<div class=\"elementor-element elementor-element-4a8ef49c elementor-widget elementor-widget-text-editor\" data-id=\"4a8ef49c\" data-element_type=\"widget\" data-widget_type=\"text-editor.default\">\n\t\t\t\t<div class=\"elementor-widget-container\">\n\t\t\t\t\t\t\t\t\t<p>Le 27 avril 2016, le Parlement europ\u00e9en a publi\u00e9 un nouveau r\u00e8glement sur la protection des personnes physiques \u00e0 l&rsquo;\u00e9gard du traitement de leurs donn\u00e9es \u00e0 caract\u00e8re personnel et sur la libre circulation de ces donn\u00e9es, d\u00e9sign\u00e9 sous le nom de R\u00e8glement g\u00e9n\u00e9ral sur la protection des donn\u00e9es (RGPD) (R\u00e8glement (UE) 2016\/679 du Parlement europ\u00e9en et du Conseil). TCe r\u00e8glement est entr\u00e9 en vigueur le 25 mai 2018 et abroge la Directive 95\/46\/CE sur la protection des donn\u00e9es \u00e0 caract\u00e8re personnel.<\/p>\n<h3> <\/h3>\n<h3 class=\"wp-block-heading\">Responsable du traitement des donn\u00e9es et de la protection des donn\u00e9es.<\/h3>\n<p>Brand Reveal est l&rsquo;entit\u00e9 responsable du site web brandreveal.net et de tous les services mis \u00e0 la disposition ici des personnes concern\u00e9es, ainsi que sur d&rsquo;autres sites web du m\u00eame domaine. L&rsquo;utilisation de ces sites web et des services disponibles pour les personnes concern\u00e9es peut impliquer la r\u00e9alisation d&rsquo;activit\u00e9s de traitement de donn\u00e9es personnelles.<\/p>\n<p>Contacts:<\/p>\n<p>Henri Sizaret<\/p>\n<p>222, Rua Hero\u00eds de Africa,<br \/>4450-687 Porto, Portugal<\/p>\n<p>contact-us@brandreveal.net<\/p>\n<p>+351 913 779 822<\/p>\n<p>Dans le cadre de la poursuite de tout droit li\u00e9 \u00e0 la protection des donn\u00e9es ou \u00e0 la vie priv\u00e9e, ou de tout autre sujet similaire, en particulier pour signaler des incidents ou d\u00e9poser des plaintes, les personnes concern\u00e9es peuvent contacter le Responsable du Traitement des Donn\u00e9es ou le D\u00e9l\u00e9gu\u00e9 \u00e0 la Protection des Donn\u00e9es en utilisant les coordonn\u00e9es ci-dessus. Elles doivent d\u00e9crire la raison de leur contact et indiquer les points de contact possibles pour la r\u00e9ponse requise (contact t\u00e9l\u00e9phonique, adresse e-mail ou autre).<\/p>\n<h3> <\/h3>\n<h3 class=\"wp-block-heading\">Collecte et Traitement des Donn\u00e9es Personnelles<\/h3>\n<p>Sur le site web brandreveal.net et d&rsquo;autres sites de ce domaine, des donn\u00e9es personnelles sont collect\u00e9es lorsque les personnes concern\u00e9es activent certains services et fonctionnalit\u00e9s. Ces donn\u00e9es personnelles peuvent \u00eatre fournies par les personnes concern\u00e9es afin qu&rsquo;elles puissent b\u00e9n\u00e9ficier de ces services ou fonctionnalit\u00e9s. Elles peuvent \u00e9galement r\u00e9sulter de leur utilisation, y compris l&rsquo;acc\u00e8s, la consultation ou d&rsquo;autres transactions.<\/p>\n<p>Dans le cadre des services et fonctionnalit\u00e9s mentionn\u00e9s, des donn\u00e9es personnelles de diverses cat\u00e9gories telles que le nom, l&rsquo;adresse, l&rsquo;e-mail, le nom de l&rsquo;entreprise, le num\u00e9ro de t\u00e9l\u00e9phone ou d&rsquo;autres identifiants personnels peuvent \u00eatre collect\u00e9es et trait\u00e9es. Avant ou pendant les activit\u00e9s de collecte et de traitement des donn\u00e9es personnelles, la personne concern\u00e9e sera toujours inform\u00e9e du but de la collecte des donn\u00e9es personnelles, de la mani\u00e8re dont elles seront trait\u00e9es et des destinataires de ces donn\u00e9es. Le consentement des propri\u00e9taires des donn\u00e9es sera toujours requis pour la collecte et le traitement de leurs donn\u00e9es personnelles. Les donn\u00e9es personnelles collect\u00e9es par Brand Reveal dans le cadre de ses sites web sont trait\u00e9es par des moyens informatiques, manuellement, et, le cas \u00e9ch\u00e9ant, automatiquement, dans le cadre de la gestion de la relation avec les personnes concern\u00e9es, toujours conform\u00e9ment au R\u00e8glement g\u00e9n\u00e9ral sur la protection des donn\u00e9es et \u00e0 toute autre l\u00e9gislation nationale et communautaire applicable.<\/p>\n<h3> <\/h3>\n<h3 class=\"wp-block-heading\">Cookies<\/h3>\n<p>Sur ses sites web, Brand Reveal utilise des cookies dans le but d&rsquo;am\u00e9liorer les performances et l&rsquo;exp\u00e9rience de navigation des visiteurs naturels de ses sites web et des utilisateurs des services disponibles ici, en augmentant la vitesse et l&rsquo;efficacit\u00e9 de la r\u00e9ponse de navigation et en \u00e9liminant la n\u00e9cessit\u00e9 pour les personnes concern\u00e9es de saisir r\u00e9p\u00e9titivement les m\u00eames informations.<\/p>\n<h3> <\/h3>\n<h3 class=\"wp-block-heading\">Formulaire de contact<\/h3>\n<p>Sur les sites web de Brand Reveal, il existe des formulaires de contact qui offrent un point de communication directe avec l&rsquo;entreprise. Si un individu contacte Brand Reveal en utilisant le formulaire de contact, les donn\u00e9es personnelles seront stock\u00e9es automatiquement et ne seront utilis\u00e9es que par Brand Reveal pour contacter la personne concern\u00e9e afin de r\u00e9pondre \u00e0 sa demande. Ces donn\u00e9es personnelles ne seront trait\u00e9es et conserv\u00e9es que tant qu&rsquo;elles seront applicables dans le contexte du contact initi\u00e9 par la personne concern\u00e9e. Ces donn\u00e9es personnelles ne seront pas utilis\u00e9es \u00e0 d&rsquo;autres fins ni transmises \u00e0 des tiers.<\/p>\n<h3> <\/h3>\n<h3 class=\"wp-block-heading\">Droits des personnes concern\u00e9es<\/h3>\n<p>Dans le cadre de l&rsquo;utilisation des sites web, des services et fonctionnalit\u00e9s fournis par Brand Reveal, les personnes concern\u00e9es peuvent, \u00e0 tout moment, exercer leurs droits en mati\u00e8re de protection des donn\u00e9es et de confidentialit\u00e9, \u00e0 savoir : acc\u00e9der \u00e0 leurs donn\u00e9es personnelles ; rectifier les donn\u00e9es inexactes ou incompl\u00e8tes ; demander la suppression de leurs donn\u00e9es personnelles, si cela est autoris\u00e9 par la loi ; r\u00e9voquer tout consentement donn\u00e9 pour la collecte et le traitement des donn\u00e9es ; demander la portabilit\u00e9 de leurs donn\u00e9es ; et limiter ou s&rsquo;opposer au traitement de leurs donn\u00e9es personnelles, dans les conditions pr\u00e9vues par le R\u00e8glement g\u00e9n\u00e9ral sur la protection des donn\u00e9es et la l\u00e9gislation suppl\u00e9mentaire applicable.<\/p>\n<p>Toutes les demandes d&rsquo;exercice des droits de protection des donn\u00e9es et de confidentialit\u00e9 par les personnes concern\u00e9es doivent \u00eatre pr\u00e9par\u00e9es par ces derni\u00e8res et adress\u00e9es par \u00e9crit \u00e0 Brand Reveal via les contacts mis \u00e0 disposition dans cette politique.<\/p>\n<h3> <\/h3>\n<h3 class=\"wp-block-heading\">Mise \u00e0 jour de la politique de confidentialit\u00e9<\/h3>\n<p>En conformit\u00e9 avec le R\u00e8glement g\u00e9n\u00e9ral sur la protection des donn\u00e9es et la l\u00e9gislation applicable en mati\u00e8re de protection des donn\u00e9es et de confidentialit\u00e9, Brand Reveal peut, \u00e0 tout moment, apporter des ajustements ou des modifications \u00e0 cette politique de confidentialit\u00e9, ces changements \u00e9tant d\u00fbment annonc\u00e9s.<\/p>\n\t\t\t\t\t\t\t\t<\/div>\n\t\t\t\t<\/div>\n\t\t\t\t\t<\/div>\n\t\t\t\t<\/div>\n\t\t\t\t<\/div>\n\t\t","protected":false},"excerpt":{"rendered":"<p>Politique de confidentialit\u00e9 Le 27 avril 2016, le Parlement europ\u00e9en a publi\u00e9 un nouveau r\u00e8glement sur la protection des personnes physiques \u00e0 l&rsquo;\u00e9gard du traitement de leurs donn\u00e9es \u00e0 caract\u00e8re personnel et sur la libre circulation de ces donn\u00e9es, d\u00e9sign\u00e9 sous le nom de R\u00e8glement g\u00e9n\u00e9ral sur la protection des donn\u00e9es (RGPD) (R\u00e8glement (UE) 2016\/679 [&hellip;]<\/p>\n","protected":false},"author":1,"featured_media":0,"parent":0,"menu_order":0,"comment_status":"closed","ping_status":"open","template":"elementor_header_footer","meta":{"_seopress_robots_primary_cat":"","_seopress_titles_title":"","_seopress_titles_desc":"","_seopress_robots_index":"","footnotes":""},"class_list":["post-2348","page","type-page","status-publish","hentry"],"_links":{"self":[{"href":"https:\/\/brandreveal.net\/fr\/wp-json\/wp\/v2\/pages\/2348","targetHints":{"allow":["GET"]}}],"collection":[{"href":"https:\/\/brandreveal.net\/fr\/wp-json\/wp\/v2\/pages"}],"about":[{"href":"https:\/\/brandreveal.net\/fr\/wp-json\/wp\/v2\/types\/page"}],"author":[{"embeddable":true,"href":"https:\/\/brandreveal.net\/fr\/wp-json\/wp\/v2\/users\/1"}],"replies":[{"embeddable":true,"href":"https:\/\/brandreveal.net\/fr\/wp-json\/wp\/v2\/comments?post=2348"}],"version-history":[{"count":2,"href":"https:\/\/brandreveal.net\/fr\/wp-json\/wp\/v2\/pages\/2348\/revisions"}],"predecessor-version":[{"id":2397,"href":"https:\/\/brandreveal.net\/fr\/wp-json\/wp\/v2\/pages\/2348\/revisions\/2397"}],"wp:attachment":[{"href":"https:\/\/brandreveal.net\/fr\/wp-json\/wp\/v2\/media?parent=2348"}],"curies":[{"name":"wp","href":"https:\/\/api.w.org\/{rel}","templated":true}]}}