{"id":1909,"date":"2023-11-20T15:27:08","date_gmt":"2023-11-20T15:27:08","guid":{"rendered":"https:\/\/fluent.pt\/brandreveal\/testemonials\/"},"modified":"2024-01-12T13:55:29","modified_gmt":"2024-01-12T13:55:29","slug":"testemonials","status":"publish","type":"page","link":"https:\/\/brandreveal.net\/pt-pt\/testemonials\/","title":{"rendered":"Testemonials"},"content":{"rendered":"\t\t<div data-elementor-type=\"wp-page\" data-elementor-id=\"1909\" class=\"elementor elementor-1909 elementor-621\" data-elementor-post-type=\"page\">\n\t\t\t\t<div class=\"elementor-element elementor-element-56f0712 e-flex e-con-boxed e-con e-parent\" data-id=\"56f0712\" data-element_type=\"container\">\n\t\t\t\t\t<div class=\"e-con-inner\">\n\t\t\t\t<div class=\"elementor-element elementor-element-6e66671f elementor-invisible elementor-widget elementor-widget-heading\" data-id=\"6e66671f\" data-element_type=\"widget\" data-settings=\"{&quot;_animation&quot;:&quot;fadeIn&quot;}\" data-widget_type=\"heading.default\">\n\t\t\t\t<div class=\"elementor-widget-container\">\n\t\t\t\t\t<h2 class=\"elementor-heading-title elementor-size-default\">O que os nossos clientes dizem.<\/h2>\t\t\t\t<\/div>\n\t\t\t\t<\/div>\n\t\t\t\t\t<\/div>\n\t\t\t\t<\/div>\n\t\t<div class=\"elementor-element elementor-element-364e259e e-flex e-con-boxed e-con e-parent\" data-id=\"364e259e\" data-element_type=\"container\">\n\t\t\t\t\t<div class=\"e-con-inner\">\n\t\t<div class=\"elementor-element elementor-element-6cd3106 e-con-full e-flex e-con e-child\" data-id=\"6cd3106\" data-element_type=\"container\" data-settings=\"{&quot;background_background&quot;:&quot;classic&quot;}\">\n\t\t<div class=\"elementor-element elementor-element-4d1fa8ae e-con-full e-flex e-con e-child\" data-id=\"4d1fa8ae\" data-element_type=\"container\">\n\t\t<div class=\"elementor-element elementor-element-1b6ea9fa e-con-full e-flex e-con e-child\" data-id=\"1b6ea9fa\" data-element_type=\"container\">\n\t\t\t\t<div class=\"elementor-element elementor-element-97817aa elementor-widget elementor-widget-text-editor\" data-id=\"97817aa\" data-element_type=\"widget\" data-widget_type=\"text-editor.default\">\n\t\t\t\t<div class=\"elementor-widget-container\">\n\t\t\t\t\t\t\t\t\t<p>\u201cBrand Reveal tem uma maneira extraordin\u00e1ria de transformar qualquer assunto complexo em algo facilmente compreens\u00edvel. Todos os briefings apresentados s\u00e3o claros, inequ\u00edvocos, organizados e com todas as informa\u00e7\u00f5es necess\u00e1rias.\u201d<\/p>\n\t\t\t\t\t\t\t\t<\/div>\n\t\t\t\t<\/div>\n\t\t\t\t<div class=\"elementor-element elementor-element-1694f20b elementor-widget elementor-widget-image-box\" data-id=\"1694f20b\" data-element_type=\"widget\" data-widget_type=\"image-box.default\">\n\t\t\t\t<div class=\"elementor-widget-container\">\n\t\t\t\t\t<div class=\"elementor-image-box-wrapper\"><div class=\"elementor-image-box-content\"><p class=\"elementor-image-box-description\">Director, UX Design<\/p><\/div><\/div>\t\t\t\t<\/div>\n\t\t\t\t<\/div>\n\t\t\t\t<\/div>\n\t\t\t\t<\/div>\n\t\t<div class=\"elementor-element elementor-element-210618 e-con-full e-flex e-con e-child\" data-id=\"210618\" data-element_type=\"container\">\n\t\t<div class=\"elementor-element elementor-element-24335015 e-con-full e-flex e-con e-child\" data-id=\"24335015\" data-element_type=\"container\">\n\t\t\t\t<div class=\"elementor-element elementor-element-1f0688d4 elementor-widget elementor-widget-text-editor\" data-id=\"1f0688d4\" data-element_type=\"widget\" data-widget_type=\"text-editor.default\">\n\t\t\t\t<div class=\"elementor-widget-container\">\n\t\t\t\t\t\t\t\t\t<p>\u201cA Brand Reveal deu origem ao nosso sonho ao desafiar as conven\u00e7\u00f5es com coragem e grandes ideias. Um trabalho fant\u00e1stico e de sucesso. Obrigado por tudo!\u201d<\/p>\n\t\t\t\t\t\t\t\t<\/div>\n\t\t\t\t<\/div>\n\t\t\t\t<div class=\"elementor-element elementor-element-77e9fa89 elementor-widget elementor-widget-image-box\" data-id=\"77e9fa89\" data-element_type=\"widget\" data-widget_type=\"image-box.default\">\n\t\t\t\t<div class=\"elementor-widget-container\">\n\t\t\t\t\t<div class=\"elementor-image-box-wrapper\"><div class=\"elementor-image-box-content\"><p class=\"elementor-image-box-description\">GM, Spirits Entrepreneur<\/p><\/div><\/div>\t\t\t\t<\/div>\n\t\t\t\t<\/div>\n\t\t\t\t<\/div>\n\t\t\t\t<\/div>\n\t\t<div class=\"elementor-element elementor-element-c68ad53 e-con-full e-flex e-con e-child\" data-id=\"c68ad53\" data-element_type=\"container\">\n\t\t<div class=\"elementor-element elementor-element-718bac93 e-con-full e-flex e-con e-child\" data-id=\"718bac93\" data-element_type=\"container\">\n\t\t\t\t<div class=\"elementor-element elementor-element-6b9a2de4 elementor-widget elementor-widget-text-editor\" data-id=\"6b9a2de4\" data-element_type=\"widget\" data-widget_type=\"text-editor.default\">\n\t\t\t\t<div class=\"elementor-widget-container\">\n\t\t\t\t\t\t\t\t\t<p>\u201cA interven\u00e7\u00e3o Brand Reveal abrange todos os aspectos da marca, desde a sua proposta central at\u00e9 \u00e0 arquitectura das variantes. Um trabalho meticuloso com iniciativas pr\u00e1ticas que moldar\u00e3o nosso crescimento nas pr\u00f3ximas d\u00e9cadas.\u201d<\/p>\n\t\t\t\t\t\t\t\t<\/div>\n\t\t\t\t<\/div>\n\t\t\t\t<div class=\"elementor-element elementor-element-74febf35 elementor-widget elementor-widget-image-box\" data-id=\"74febf35\" data-element_type=\"widget\" data-widget_type=\"image-box.default\">\n\t\t\t\t<div class=\"elementor-widget-container\">\n\t\t\t\t\t<div class=\"elementor-image-box-wrapper\"><div class=\"elementor-image-box-content\"><p class=\"elementor-image-box-description\">Director, Port<\/p><\/div><\/div>\t\t\t\t<\/div>\n\t\t\t\t<\/div>\n\t\t\t\t<\/div>\n\t\t\t\t<\/div>\n\t\t<div class=\"elementor-element elementor-element-7260db18 e-con-full e-flex e-con e-child\" data-id=\"7260db18\" data-element_type=\"container\">\n\t\t<div class=\"elementor-element elementor-element-5cbdf384 e-con-full e-flex e-con e-child\" data-id=\"5cbdf384\" data-element_type=\"container\">\n\t\t\t\t<div class=\"elementor-element elementor-element-74c70b5d elementor-widget elementor-widget-text-editor\" data-id=\"74c70b5d\" data-element_type=\"widget\" data-widget_type=\"text-editor.default\">\n\t\t\t\t<div class=\"elementor-widget-container\">\n\t\t\t\t\t\t\t\t\t<p>\u201cBrand Reveal tem a capacidade \u00fanica de alinhar as propostas emocionais da marca com as credenciais firmes dos produtos, de forma relevante, mesmo nas categorias mais cl\u00e1ssicas e convencionais.\u201d<\/p>\n\t\t\t\t\t\t\t\t<\/div>\n\t\t\t\t<\/div>\n\t\t\t\t<div class=\"elementor-element elementor-element-30369da2 elementor-widget elementor-widget-image-box\" data-id=\"30369da2\" data-element_type=\"widget\" data-widget_type=\"image-box.default\">\n\t\t\t\t<div class=\"elementor-widget-container\">\n\t\t\t\t\t<div class=\"elementor-image-box-wrapper\"><div class=\"elementor-image-box-content\"><p class=\"elementor-image-box-description\">Director, Wine<\/p><\/div><\/div>\t\t\t\t<\/div>\n\t\t\t\t<\/div>\n\t\t\t\t<\/div>\n\t\t\t\t<\/div>\n\t\t<div class=\"elementor-element elementor-element-047af3f e-con-full e-flex e-con e-child\" data-id=\"047af3f\" data-element_type=\"container\">\n\t\t<div class=\"elementor-element elementor-element-6e26f87 e-con-full e-flex e-con e-child\" data-id=\"6e26f87\" data-element_type=\"container\">\n\t\t\t\t<div class=\"elementor-element elementor-element-b629dfb elementor-widget elementor-widget-text-editor\" data-id=\"b629dfb\" data-element_type=\"widget\" data-widget_type=\"text-editor.default\">\n\t\t\t\t<div class=\"elementor-widget-container\">\n\t\t\t\t\t\t\t\t\t<p>\u201cTrabalhar com a Brand Reveal \u00e9 como passar por uma psicoterapia: a equipe n\u00e3o deixa pedra sobre pedra e alinha todos os elementos da marca em uma proposta coerente e atraente.\u201d<\/p>\n\t\t\t\t\t\t\t\t<\/div>\n\t\t\t\t<\/div>\n\t\t\t\t<div class=\"elementor-element elementor-element-8c13b2a elementor-widget elementor-widget-image-box\" data-id=\"8c13b2a\" data-element_type=\"widget\" data-widget_type=\"image-box.default\">\n\t\t\t\t<div class=\"elementor-widget-container\">\n\t\t\t\t\t<div class=\"elementor-image-box-wrapper\"><div class=\"elementor-image-box-content\"><p class=\"elementor-image-box-description\">Director, Gin<\/p><\/div><\/div>\t\t\t\t<\/div>\n\t\t\t\t<\/div>\n\t\t\t\t<\/div>\n\t\t\t\t<\/div>\n\t\t<div class=\"elementor-element elementor-element-84f0ba7 e-con-full e-flex e-con e-child\" data-id=\"84f0ba7\" data-element_type=\"container\">\n\t\t<div class=\"elementor-element elementor-element-fb07f89 e-con-full e-flex e-con e-child\" data-id=\"fb07f89\" data-element_type=\"container\">\n\t\t\t\t<div class=\"elementor-element elementor-element-edd8372 elementor-widget elementor-widget-text-editor\" data-id=\"edd8372\" data-element_type=\"widget\" data-widget_type=\"text-editor.default\">\n\t\t\t\t<div class=\"elementor-widget-container\">\n\t\t\t\t\t\t\t\t\t<p>\u201cPor meio de workshops muito bem preparados, a Brand Reveal foi fundamental na defini\u00e7\u00e3o do posicionamento da nossa marca principal de vodka e no alinhamento de nossos mercados chaves em torno a planos de crescimento s\u00f3lidos.\u201d<\/p>\n\t\t\t\t\t\t\t\t<\/div>\n\t\t\t\t<\/div>\n\t\t\t\t<div class=\"elementor-element elementor-element-605a66e elementor-widget elementor-widget-image-box\" data-id=\"605a66e\" data-element_type=\"widget\" data-widget_type=\"image-box.default\">\n\t\t\t\t<div class=\"elementor-widget-container\">\n\t\t\t\t\t<div class=\"elementor-image-box-wrapper\"><div class=\"elementor-image-box-content\"><p class=\"elementor-image-box-description\">Marketing VP, Spirits<\/p><\/div><\/div>\t\t\t\t<\/div>\n\t\t\t\t<\/div>\n\t\t\t\t<\/div>\n\t\t\t\t<\/div>\n\t\t<div class=\"elementor-element elementor-element-774ab4e e-con-full e-flex e-con e-child\" data-id=\"774ab4e\" data-element_type=\"container\">\n\t\t<div class=\"elementor-element elementor-element-be32115 e-con-full e-flex e-con e-child\" data-id=\"be32115\" data-element_type=\"container\">\n\t\t\t\t<div class=\"elementor-element elementor-element-b43eb4f elementor-widget elementor-widget-text-editor\" data-id=\"b43eb4f\" data-element_type=\"widget\" data-widget_type=\"text-editor.default\">\n\t\t\t\t<div class=\"elementor-widget-container\">\n\t\t\t\t\t\t\t\t\t<p>&#8220;O m\u00e9todo sistem\u00e1tico e bem pensado da Brand Reveal nos ajudaram a pintar o quadro geral de nossos mercados em 3 continentes e permitiram construir estrat\u00e9gias focadas com prioridades comerciais bem definidos.&#8221;<\/p>\n\t\t\t\t\t\t\t\t<\/div>\n\t\t\t\t<\/div>\n\t\t\t\t<div class=\"elementor-element elementor-element-650afad elementor-widget elementor-widget-image-box\" data-id=\"650afad\" data-element_type=\"widget\" data-widget_type=\"image-box.default\">\n\t\t\t\t<div class=\"elementor-widget-container\">\n\t\t\t\t\t<div class=\"elementor-image-box-wrapper\"><div class=\"elementor-image-box-content\"><p class=\"elementor-image-box-description\">CEO, Drinks<\/p><\/div><\/div>\t\t\t\t<\/div>\n\t\t\t\t<\/div>\n\t\t\t\t<\/div>\n\t\t\t\t<\/div>\n\t\t<div class=\"elementor-element elementor-element-a9a9e5b e-con-full e-flex e-con e-child\" data-id=\"a9a9e5b\" data-element_type=\"container\">\n\t\t<div class=\"elementor-element elementor-element-44efc9f e-con-full e-flex e-con e-child\" data-id=\"44efc9f\" data-element_type=\"container\">\n\t\t\t\t<div class=\"elementor-element elementor-element-9c228ae elementor-widget elementor-widget-text-editor\" data-id=\"9c228ae\" data-element_type=\"widget\" data-widget_type=\"text-editor.default\">\n\t\t\t\t<div class=\"elementor-widget-container\">\n\t\t\t\t\t\t\t\t\t<p>\u201cA interven\u00e7\u00e3o da Brand Reveal permitiu reunir todos os produtores de nossa categoria em torno de ideias simples e eficazes para definir a nossa estrat\u00e9gia dos proximos 5 anos e amplificar o valor de nossas marcas.\u201d<\/p>\n\t\t\t\t\t\t\t\t<\/div>\n\t\t\t\t<\/div>\n\t\t\t\t<div class=\"elementor-element elementor-element-7745b75 elementor-widget elementor-widget-image-box\" data-id=\"7745b75\" data-element_type=\"widget\" data-widget_type=\"image-box.default\">\n\t\t\t\t<div class=\"elementor-widget-container\">\n\t\t\t\t\t<div class=\"elementor-image-box-wrapper\"><div class=\"elementor-image-box-content\"><p class=\"elementor-image-box-description\">President, Regional Wines Institute<\/p><\/div><\/div>\t\t\t\t<\/div>\n\t\t\t\t<\/div>\n\t\t\t\t<\/div>\n\t\t\t\t<\/div>\n\t\t\t\t<\/div>\n\t\t\t\t\t<\/div>\n\t\t\t\t<\/div>\n\t\t<div class=\"elementor-element elementor-element-17ab9529 e-flex e-con-boxed e-con e-parent\" data-id=\"17ab9529\" data-element_type=\"container\" data-settings=\"{&quot;background_background&quot;:&quot;classic&quot;}\">\n\t\t\t\t\t<div class=\"e-con-inner\">\n\t\t<div class=\"elementor-element elementor-element-25ea338c e-con-full e-flex e-con e-child\" data-id=\"25ea338c\" data-element_type=\"container\">\n\t\t<div class=\"elementor-element elementor-element-22eed9bb e-con-full e-flex e-con e-child\" data-id=\"22eed9bb\" data-element_type=\"container\">\n\t\t\t\t<div class=\"elementor-element elementor-element-39e29816 elementor-invisible elementor-widget elementor-widget-heading\" data-id=\"39e29816\" data-element_type=\"widget\" data-settings=\"{&quot;_animation&quot;:&quot;fadeIn&quot;}\" data-widget_type=\"heading.default\">\n\t\t\t\t<div class=\"elementor-widget-container\">\n\t\t\t\t\t<h2 class=\"elementor-heading-title elementor-size-default\">Revele o melhor das suas marcas.<\/h2>\t\t\t\t<\/div>\n\t\t\t\t<\/div>\n\t\t\t\t<div class=\"elementor-element elementor-element-761eb018 elementor-align-justify elementor-widget__width-initial elementor-invisible elementor-widget elementor-widget-button\" data-id=\"761eb018\" data-element_type=\"widget\" data-settings=\"{&quot;_animation&quot;:&quot;fadeIn&quot;,&quot;_animation_delay&quot;:600}\" data-widget_type=\"button.default\">\n\t\t\t\t<div class=\"elementor-widget-container\">\n\t\t\t\t\t\t\t\t\t<div class=\"elementor-button-wrapper\">\n\t\t\t\t\t<a class=\"elementor-button elementor-button-link elementor-size-sm\" href=\"https:\/\/brandreveal.net\/pt-pt\/contato\/\">\n\t\t\t\t\t\t<span class=\"elementor-button-content-wrapper\">\n\t\t\t\t\t\t\t\t\t<span class=\"elementor-button-text\">Contactar<\/span>\n\t\t\t\t\t<\/span>\n\t\t\t\t\t<\/a>\n\t\t\t\t<\/div>\n\t\t\t\t\t\t\t\t<\/div>\n\t\t\t\t<\/div>\n\t\t\t\t<\/div>\n\t\t\t\t<\/div>\n\t\t\t\t\t<\/div>\n\t\t\t\t<\/div>\n\t\t\t\t<\/div>\n\t\t","protected":false},"excerpt":{"rendered":"<p>O que os nossos clientes dizem. \u201cBrand Reveal tem uma maneira extraordin\u00e1ria de transformar qualquer assunto complexo em algo facilmente compreens\u00edvel. Todos os briefings apresentados s\u00e3o claros, inequ\u00edvocos, organizados e com todas as informa\u00e7\u00f5es necess\u00e1rias.\u201d Director, UX Design \u201cA Brand Reveal deu origem ao nosso sonho ao desafiar as conven\u00e7\u00f5es com coragem e grandes ideias. [&hellip;]<\/p>\n","protected":false},"author":1,"featured_media":0,"parent":0,"menu_order":0,"comment_status":"closed","ping_status":"closed","template":"elementor_header_footer","meta":{"_seopress_robots_primary_cat":"","_seopress_titles_title":"","_seopress_titles_desc":"","_seopress_robots_index":"","footnotes":""},"class_list":["post-1909","page","type-page","status-publish","hentry"],"_links":{"self":[{"href":"https:\/\/brandreveal.net\/pt-pt\/wp-json\/wp\/v2\/pages\/1909","targetHints":{"allow":["GET"]}}],"collection":[{"href":"https:\/\/brandreveal.net\/pt-pt\/wp-json\/wp\/v2\/pages"}],"about":[{"href":"https:\/\/brandreveal.net\/pt-pt\/wp-json\/wp\/v2\/types\/page"}],"author":[{"embeddable":true,"href":"https:\/\/brandreveal.net\/pt-pt\/wp-json\/wp\/v2\/users\/1"}],"replies":[{"embeddable":true,"href":"https:\/\/brandreveal.net\/pt-pt\/wp-json\/wp\/v2\/comments?post=1909"}],"version-history":[{"count":2,"href":"https:\/\/brandreveal.net\/pt-pt\/wp-json\/wp\/v2\/pages\/1909\/revisions"}],"predecessor-version":[{"id":2228,"href":"https:\/\/brandreveal.net\/pt-pt\/wp-json\/wp\/v2\/pages\/1909\/revisions\/2228"}],"wp:attachment":[{"href":"https:\/\/brandreveal.net\/pt-pt\/wp-json\/wp\/v2\/media?parent=1909"}],"curies":[{"name":"wp","href":"https:\/\/api.w.org\/{rel}","templated":true}]}}