{"id":2350,"date":"2023-11-03T15:12:10","date_gmt":"2023-11-03T15:12:10","guid":{"rendered":"https:\/\/fluent.pt\/brandreveal\/politica-de-privacidade\/"},"modified":"2024-01-12T19:04:32","modified_gmt":"2024-01-12T19:04:32","slug":"politica-de-privacidade","status":"publish","type":"page","link":"https:\/\/brandreveal.net\/pt-pt\/politica-de-privacidade\/","title":{"rendered":"Pol\u00edtica de Privacidade"},"content":{"rendered":"\t\t<div data-elementor-type=\"wp-page\" data-elementor-id=\"2350\" class=\"elementor elementor-2350 elementor-3\" data-elementor-post-type=\"page\">\n\t\t\t\t<div class=\"elementor-element elementor-element-998928b e-flex e-con-boxed e-con e-parent\" data-id=\"998928b\" data-element_type=\"container\">\n\t\t\t\t\t<div class=\"e-con-inner\">\n\t\t\t\t<div class=\"elementor-element elementor-element-076902a elementor-widget elementor-widget-heading\" data-id=\"076902a\" data-element_type=\"widget\" data-widget_type=\"heading.default\">\n\t\t\t\t<div class=\"elementor-widget-container\">\n\t\t\t\t\t<h2 class=\"elementor-heading-title elementor-size-default\">Pol\u00edtica de Privacidade<\/h2>\t\t\t\t<\/div>\n\t\t\t\t<\/div>\n\t\t\t\t\t<\/div>\n\t\t\t\t<\/div>\n\t\t<div class=\"elementor-element elementor-element-74e1b63e e-flex e-con-boxed e-con e-parent\" data-id=\"74e1b63e\" data-element_type=\"container\">\n\t\t\t\t\t<div class=\"e-con-inner\">\n\t\t\t\t<div class=\"elementor-element elementor-element-4a8ef49c elementor-widget elementor-widget-text-editor\" data-id=\"4a8ef49c\" data-element_type=\"widget\" data-widget_type=\"text-editor.default\">\n\t\t\t\t<div class=\"elementor-widget-container\">\n\t\t\t\t\t\t\t\t\t<p>Em 27 de abril de 2016, o Parlamento Europeu publicou um novo regulamento sobre a prote\u00e7\u00e3o de indiv\u00edduos no que diz respeito ao processamento de seus dados pessoais e \u00e0 livre circula\u00e7\u00e3o desses dados, designado pelo Regulamento Geral de Prote\u00e7\u00e3o de Dados (RGPD) (UE) 2016\/679 do Parlamento Europeu e do Conselho. Este regulamento entrou em vigor em 25 de maio de 2018 e revoga a Diretiva 95\/46\/CE sobre a prote\u00e7\u00e3o de dados pessoais.<\/p>\n<h3> <\/h3>\n<h3 class=\"wp-block-heading\">Respons\u00e1vel pelo Processamento de Dados<\/h3>\n<p>Brand Reveal \u00e9 a entidade respons\u00e1vel pelo site brandreveal.net e por todos os servi\u00e7os disponibilizados aqui para os Titulares de Dados, bem como em outros sites do mesmo dom\u00ednio. A utiliza\u00e7\u00e3o destes sites e dos servi\u00e7os dispon\u00edveis para os Titulares de Dados pode envolver a realiza\u00e7\u00e3o de atividades de processamento de dados pessoais.<\/p>\n<p>Contatos:<\/p>\n<p>Henri Sizaret<\/p>\n<p>222, Rua Hero\u00eds de Africa,<br \/>4450-687 Porto, Portugal<\/p>\n<p>contact-us@brandreveal.net<\/p>\n<p>+351 913 779 822<\/p>\n<p>Para efeitos do exerc\u00edcio de qualquer direito relacionado com a prote\u00e7\u00e3o de dados ou privacidade, ou qualquer outro assunto semelhante, em particular a den\u00fancia de incidentes ou apresenta\u00e7\u00e3o de reclama\u00e7\u00f5es, os Titulares de Dados podem entrar em contato com o Respons\u00e1vel pelo Processamento de Dados ou o Escrit\u00f3rio de Prote\u00e7\u00e3o de Dados utilizando os contatos acima, descrevendo o motivo do contato e indicando os poss\u00edveis pontos de contato para a resposta necess\u00e1ria (contato telef\u00f4nico, endere\u00e7o de e-mail ou outros).<\/p>\n<h3> <\/h3>\n<h3 class=\"wp-block-heading\">Coleta e Processamento de Dados Pessoais<\/h3>\n<p>No site brandreveal.net e em outros sites deste dom\u00ednio, s\u00e3o coletados dados pessoais quando os Titulares de Dados ativam alguns servi\u00e7os e funcionalidades. Esses dados pessoais podem ser fornecidos pelos Titulares de Dados para que possam usufruir desses servi\u00e7os ou funcionalidades, ou podem ser o resultado do uso, incluindo acesso, consultas ou outras transa\u00e7\u00f5es.<\/p>\n<p>No \u00e2mbito dos servi\u00e7os e funcionalidades mencionados, s\u00e3o recolhidos dados pessoais de diversas categorias, tais como nome, endere\u00e7o, e-mail, nome da empresa, n\u00famero de telefone ou outros identificadores pessoais, podendo ser recolhidos e processados. Antes ou durante as atividades de coleta e processamento de dados pessoais, o Titular de Dados ser\u00e1 sempre informado sobre o prop\u00f3sito da coleta de dados pessoais, como eles ser\u00e3o processados e quem ser\u00e3o os destinat\u00e1rios. Ser\u00e1 sempre necess\u00e1rio o consentimento dos propriet\u00e1rios dos dados para a coleta e processamento de seus dados pessoais. Os dados pessoais coletados pela Brand Reveal no contexto de seus sites s\u00e3o processados por meios computacionais, manualmente e, se aplic\u00e1vel, automaticamente, no \u00e2mbito da gest\u00e3o do relacionamento com os Titulares de Dados, sempre de acordo com o Regulamento Geral de Prote\u00e7\u00e3o de Dados e outras legisla\u00e7\u00f5es nacionais e comunit\u00e1rias aplic\u00e1veis.<\/p>\n<h3> <\/h3>\n<h3 class=\"wp-block-heading\">Cookies<\/h3>\n<p>Nos seus sites, a Brand Reveal utiliza cookies com o objetivo de melhorar o desempenho e a experi\u00eancia de navega\u00e7\u00e3o dos visitantes naturais dos seus sites e dos utilizadores dos servi\u00e7os dispon\u00edveis aqui, aumentando a velocidade e efici\u00eancia da resposta de navega\u00e7\u00e3o, e eliminando a necessidade de os Titulares de Dados inserirem repetidamente as mesmas informa\u00e7\u00f5es.<\/p>\n<h3> <\/h3>\n<h3 class=\"wp-block-heading\">Formul\u00e1rio de contato<\/h3>\n<p>Nos sites da Brand Reveal, existem formul\u00e1rios de contato que oferecem um ponto de comunica\u00e7\u00e3o direta com a empresa. Se um Titular de Dados entrar em contato com a Brand Reveal usando o formul\u00e1rio de contato, os dados pessoais ser\u00e3o armazenados automaticamente e ser\u00e3o utilizados exclusivamente pela Brand Reveal para entrar em contato com o Titular de Dados e responder \u00e0 sua solicita\u00e7\u00e3o. Estes dados pessoais ser\u00e3o processados e mantidos apenas enquanto forem aplic\u00e1veis no contexto do contato iniciado pelo Titular de Dados. Esses dados pessoais n\u00e3o ser\u00e3o utilizados para outros fins nem transmitidos a terceiros.<\/p>\n<h3> <\/h3>\n<h3 class=\"wp-block-heading\">Direitos dos Titulares de Dados<\/h3>\n<p>No contexto da utiliza\u00e7\u00e3o dos sites, dos servi\u00e7os e funcionalidades disponibilizados pela Brand Reveal, os Titulares de Dados podem, a qualquer momento, exercer os seus direitos de prote\u00e7\u00e3o de dados e privacidade, nomeadamente: aceder aos seus dados pessoais; retificar dados imprecisos ou incompletos; solicitar a elimina\u00e7\u00e3o dos seus dados pessoais, se permitido por lei; revogar qualquer consentimento dado para a recolha e processamento de dados; solicitar a portabilidade dos seus dados; e limitar ou opor-se ao processamento dos seus dados pessoais, nos termos do Regulamento Geral de Prote\u00e7\u00e3o de Dados e legisla\u00e7\u00e3o adicional aplic\u00e1vel.<\/p>\n<p>Todas as solicita\u00e7\u00f5es para o exerc\u00edcio dos direitos de prote\u00e7\u00e3o de dados e privacidade pelos Titulares de Dados devem ser preparadas pelos Titulares de Dados e enviadas por escrito para a Brand Reveal atrav\u00e9s dos contatos disponibilizados nesta Pol\u00edtica.<\/p>\n<h3> <\/h3>\n<h3 class=\"wp-block-heading\">PrivacAtualiza\u00e7\u00e3o da Pol\u00edtica de Privacidade<\/h3>\n<p>A caminho da conformidade com o Regulamento Geral de Prote\u00e7\u00e3o de Dados e a legisla\u00e7\u00e3o aplic\u00e1vel na \u00e1rea de Prote\u00e7\u00e3o de Dados e Privacidade, a Brand Reveal pode, a qualquer momento, fazer ajustes ou altera\u00e7\u00f5es nesta Pol\u00edtica de Privacidade, sendo essas altera\u00e7\u00f5es devidamente anunciadas.<\/p>\n\t\t\t\t\t\t\t\t<\/div>\n\t\t\t\t<\/div>\n\t\t\t\t\t<\/div>\n\t\t\t\t<\/div>\n\t\t\t\t<\/div>\n\t\t","protected":false},"excerpt":{"rendered":"<p>Pol\u00edtica de Privacidade Em 27 de abril de 2016, o Parlamento Europeu publicou um novo regulamento sobre a prote\u00e7\u00e3o de indiv\u00edduos no que diz respeito ao processamento de seus dados pessoais e \u00e0 livre circula\u00e7\u00e3o desses dados, designado pelo Regulamento Geral de Prote\u00e7\u00e3o de Dados (RGPD) (UE) 2016\/679 do Parlamento Europeu e do Conselho. Este [&hellip;]<\/p>\n","protected":false},"author":1,"featured_media":0,"parent":0,"menu_order":0,"comment_status":"closed","ping_status":"open","template":"elementor_header_footer","meta":{"_seopress_robots_primary_cat":"","_seopress_titles_title":"","_seopress_titles_desc":"","_seopress_robots_index":"","footnotes":""},"class_list":["post-2350","page","type-page","status-publish","hentry"],"_links":{"self":[{"href":"https:\/\/brandreveal.net\/pt-pt\/wp-json\/wp\/v2\/pages\/2350","targetHints":{"allow":["GET"]}}],"collection":[{"href":"https:\/\/brandreveal.net\/pt-pt\/wp-json\/wp\/v2\/pages"}],"about":[{"href":"https:\/\/brandreveal.net\/pt-pt\/wp-json\/wp\/v2\/types\/page"}],"author":[{"embeddable":true,"href":"https:\/\/brandreveal.net\/pt-pt\/wp-json\/wp\/v2\/users\/1"}],"replies":[{"embeddable":true,"href":"https:\/\/brandreveal.net\/pt-pt\/wp-json\/wp\/v2\/comments?post=2350"}],"version-history":[{"count":2,"href":"https:\/\/brandreveal.net\/pt-pt\/wp-json\/wp\/v2\/pages\/2350\/revisions"}],"predecessor-version":[{"id":2398,"href":"https:\/\/brandreveal.net\/pt-pt\/wp-json\/wp\/v2\/pages\/2350\/revisions\/2398"}],"wp:attachment":[{"href":"https:\/\/brandreveal.net\/pt-pt\/wp-json\/wp\/v2\/media?parent=2350"}],"curies":[{"name":"wp","href":"https:\/\/api.w.org\/{rel}","templated":true}]}}